{"id":395,"date":"2014-02-14T11:52:15","date_gmt":"2014-02-14T10:52:15","guid":{"rendered":"http:\/\/www.iver-bud.pl\/?page_id=395"},"modified":"2015-03-08T18:34:30","modified_gmt":"2015-03-08T17:34:30","slug":"sliding-1200tt","status":"publish","type":"page","link":"https:\/\/www.iver-bud.pl\/index.php\/sliding-1200tt\/","title":{"rendered":"SLIDING 1200tt"},"content":{"rendered":"<p style=\"text-align: justify;\">System izolowany termicznie przeznaczony do wykonywania element\u00f3w zabudowy zewn\u0119trznej podnoszono-przesuwnych np. obudowy balkon\u00f3w i loggii. G\u0142\u0119boko\u015b\u0107 konstrukcyjna kszta\u0142townik\u00f3w wynosi 50 mm w przypadku skrzyde\u0142 i szczeblin oraz 120 mm w przypadku o\u015bcie\u017cnic dwutorowych i 184 mm w przypadku o\u015bcie\u017cnic trzytorowych.<\/p>\n<p><strong>Charakterystyka<\/strong><br \/>\n&#8211; \u015bcis\u0142e powi\u0105zanie z innymi systemami rodziny Ponzio<br \/>\n&#8211; mo\u017cliwo\u015b\u0107 zastosowania wype\u0142nienia o grubo\u015bci 6-37 mm<br \/>\n&#8211; mo\u017cliwo\u015b\u0107 wykonania konstrukcji z niskim progiem<\/p>\n<p><strong>Kszta\u0142towniki aluminiowe<\/strong><br \/>\nEN AW-6060 wg PN-EN 573-3 stan T6 wg PN-EN 515; Al Mg Si 0,5 F22 wg norm DIN 1725 T1, DIN 17615 T1<\/p>\n<p><strong>Sposoby wyko\u0144czenia powierzchni<\/strong><br \/>\nMalowanie proszkowe farbami poliestrowymi spe\u0142niaj\u0105ce wymogi Qualicoat, do wyboru kolory z palety RAL; anodowanie w kolorach: naturalne aluminium, oliwka, szampa\u0144ski, z\u0142oty, &#8222;stare z\u0142oto&#8221;, br\u0105zowy &#8211; spe\u0142niaj\u0105ce wymogi Qualanod; lakierowanie na \u201ekolor\u201d drewna<\/p>\n<p style=\"text-align: justify;\"><strong>Uszczelki<\/strong><br \/>\nz kauczuku syntetycznego EPDM wg normy 7863 i normy wykonawczej wg ISO 3302-01, E2<\/p>\n<p style=\"text-align: justify;\"><strong>Akcesoria<\/strong><br \/>\nz\u0142\u0105czki naro\u017cne, wkr\u0119ty, \u015bruby, podk\u0142adki z aluminium, stali nierdzewnej lub ocynkowanej<\/p>\n<p style=\"text-align: justify;\"><strong>Okucia<\/strong><br \/>\nokucia systemowe PONZIO i G-U<\/p>\n<p style=\"text-align: justify;\"><strong>Dopuszczenia i \u015bwiadectwa jako\u015bci<\/strong><br \/>\nWst\u0119pne badania typu wg PN-EN 14351<\/p>\n<hr \/>\n\t\t\t\t\t<div class=\"gallery_box_single\">\n\t\t\t\t\t\t<p class=\"not_found\">Sorry, nothing found.<\/p>\n\t\t\t\t\t<\/div><!-- .gallery_box_single -->\n\t\t\t\t\t\n","protected":false},"excerpt":{"rendered":"<p>System izolowany termicznie przeznaczony do wykonywania element\u00f3w zabudowy zewn\u0119trznej podnoszono-przesuwnych np. obudowy balkon\u00f3w i loggii. G\u0142\u0119boko\u015b\u0107 konstrukcyjna kszta\u0142townik\u00f3w wynosi 50 mm w przypadku skrzyde\u0142 i szczeblin oraz 120 mm w przypadku o\u015bcie\u017cnic dwutorowych i 184 mm w przypadku o\u015bcie\u017cnic trzytorowych. Charakterystyka &#8211; \u015bcis\u0142e powi\u0105zanie z innymi systemami rodziny Ponzio &#8211; mo\u017cliwo\u015b\u0107 zastosowania wype\u0142nienia o grubo\u015bci &hellip; <a href=\"https:\/\/www.iver-bud.pl\/index.php\/sliding-1200tt\/\" class=\"more-link\">Czytaj dalej <span class=\"screen-reader-text\">SLIDING 1200tt<\/span> <span class=\"meta-nav\">&rarr;<\/span><\/a><\/p>\n","protected":false},"author":1,"featured_media":0,"parent":0,"menu_order":0,"comment_status":"closed","ping_status":"closed","template":"","meta":{"footnotes":""},"class_list":["post-395","page","type-page","status-publish","hentry"],"aioseo_notices":[],"_links":{"self":[{"href":"https:\/\/www.iver-bud.pl\/index.php\/wp-json\/wp\/v2\/pages\/395"}],"collection":[{"href":"https:\/\/www.iver-bud.pl\/index.php\/wp-json\/wp\/v2\/pages"}],"about":[{"href":"https:\/\/www.iver-bud.pl\/index.php\/wp-json\/wp\/v2\/types\/page"}],"author":[{"embeddable":true,"href":"https:\/\/www.iver-bud.pl\/index.php\/wp-json\/wp\/v2\/users\/1"}],"replies":[{"embeddable":true,"href":"https:\/\/www.iver-bud.pl\/index.php\/wp-json\/wp\/v2\/comments?post=395"}],"version-history":[{"count":2,"href":"https:\/\/www.iver-bud.pl\/index.php\/wp-json\/wp\/v2\/pages\/395\/revisions"}],"predecessor-version":[{"id":511,"href":"https:\/\/www.iver-bud.pl\/index.php\/wp-json\/wp\/v2\/pages\/395\/revisions\/511"}],"wp:attachment":[{"href":"https:\/\/www.iver-bud.pl\/index.php\/wp-json\/wp\/v2\/media?parent=395"}],"curies":[{"name":"wp","href":"https:\/\/api.w.org\/{rel}","templated":true}]}}