{"id":389,"date":"2014-02-14T11:49:31","date_gmt":"2014-02-14T10:49:31","guid":{"rendered":"http:\/\/www.iver-bud.pl\/?page_id=389"},"modified":"2015-03-08T18:28:35","modified_gmt":"2015-03-08T17:28:35","slug":"ponzio-pf-152-wg-ogrody-zimowe","status":"publish","type":"page","link":"https:\/\/www.iver-bud.pl\/index.php\/ponzio-pf-152-wg-ogrody-zimowe\/","title":{"rendered":"PONZIO PF 152 WG OGRODY ZIMOWE"},"content":{"rendered":"<p style=\"text-align: justify;\">System przeznaczony jest do wykonywania ogrod\u00f3w zimowych i innych konstrukcji przestrzennych. Konstrukcja po\u0142aci dachowej systemu mo\u017ce by\u0107 wykonana z zastosowaniem kszta\u0142townik\u00f3w fasadowych wykorzystywanych w systemie PF 152 lub na bazie kszta\u0142townik\u00f3w systemowych PF 152WG odwr\u00f3conych krokwi.<\/p>\n<p>Ca\u0142o\u015b\u0107 oparta mo\u017ce by\u0107 na s\u0142upkach fasadowych, s\u0142upkach z system\u00f3w okienno-drzwiowych, jak r\u00f3wnie\u017c na systemowych s\u0142upkach wzmocnionych PF 152WG. System krokwi dachowych umo\u017cliwia zastosowanie standardowych listew przyszybowych z system\u00f3w okienno-drzwiowych. Po\u0142\u0105czenie krokwi z ryglami odbywa si\u0119 identycznie jak w przypadku systemu fasadowego PF 152. Elementy po\u0142aci dachowej mocowane s\u0105 za pomoc\u0105 po\u0142\u0105czenia zawiasowego na belce przy\u015bciennej oraz za pomoc\u0105 z\u0142\u0105czek systemowych na belce okapu z systemow\u0105 rynn\u0105 okapu. System dachu jest w pe\u0142ni kompatybilny z dost\u0119pnymi w ofercie Ponzio systemami przesuwnymi i okienno-drzwiowymi.<\/p>\n<p><strong>Charakterystyka<\/strong><br \/>\n&#8211; pozwala na \u0142\u0105czenie profili systemu PF 152WG z pozosta\u0142ymi systemami okienno-drzwiowymi: m.in. PT52, PT 60, PE 68, PE 78, SLIDING 900, SLIDING 1200TT<br \/>\n&#8211; umo\u017cliwia tworzenie bardzo z\u0142o\u017conych i skomplikowanych konstrukcji (zastosowany w elementach belki okapu i belki przy\u015bciennej system \u201eprzegubowy\u201d pozwala na obr\u00f3t p\u0142aszczyzny dachu w granicach od 7 do 45 stopni pochylenia wzgl\u0119dem poziomu)<br \/>\n&#8211; zastosowane rozwi\u0105zania u\u0142atwiaj\u0105 prefabrykacj\u0119 profili<\/p>\n<p><strong>Kszta\u0142towniki aluminiowe<\/strong><br \/>\nEN AW-6060 wg PN-EN 573-3 stan T6 wg PN-EN 515 Al Mg Si 0,5 F22 wg norm DIN 1725 T1, DIN 17615 T1<\/p>\n<p style=\"text-align: justify;\"><strong>Wype\u0142nienia<\/strong><br \/>\nszyby zespolone, panele nieprzezierne, poliw\u0119glan<\/p>\n<p style=\"text-align: justify;\"><strong>Sposoby wyko\u0144czenia powierzchni<\/strong><br \/>\nMalowanie proszkowe farbami poliestrowymi &#8211; spe\u0142niaj\u0105ce wymogi Qualicoat. Do wyboru kolory z palety RAL; anodowane w kolorach naturalne aluminium, oliwka, szampa\u0144ski, z\u0142oty, br\u0105zowy &#8211; spe\u0142niaj\u0105ce wymogi Qualanod: lakierowanie na &#8222;kolor&#8221; drewna<\/p>\n<p style=\"text-align: justify;\"><strong>Uszczelki<\/strong><br \/>\nz kauczuku syntetycznego EPDM wg normy DIN 7863 i normy wykonawczej wg ISO 3302-01, E2<\/p>\n<p style=\"text-align: justify;\"><strong>Akcesoria<\/strong><br \/>\nz\u0142\u0105czki krokwi, z\u0142\u0105czki s\u0142up\u00f3w systemowych, wkr\u0119ty, \u015bruby, podk\u0142adki z aluminium, stali nierdzewnej lub ocynkowanej<\/p>\n<hr \/>\n\t\t\t\t\t<div class=\"gallery_box_single\">\n\t\t\t\t\t\t<p class=\"not_found\">Sorry, nothing found.<\/p>\n\t\t\t\t\t<\/div><!-- .gallery_box_single -->\n\t\t\t\t\t\n","protected":false},"excerpt":{"rendered":"<p>System przeznaczony jest do wykonywania ogrod\u00f3w zimowych i innych konstrukcji przestrzennych. Konstrukcja po\u0142aci dachowej systemu mo\u017ce by\u0107 wykonana z zastosowaniem kszta\u0142townik\u00f3w fasadowych wykorzystywanych w systemie PF 152 lub na bazie kszta\u0142townik\u00f3w systemowych PF 152WG odwr\u00f3conych krokwi. Ca\u0142o\u015b\u0107 oparta mo\u017ce by\u0107 na s\u0142upkach fasadowych, s\u0142upkach z system\u00f3w okienno-drzwiowych, jak r\u00f3wnie\u017c na systemowych s\u0142upkach wzmocnionych PF 152WG. &hellip; <a href=\"https:\/\/www.iver-bud.pl\/index.php\/ponzio-pf-152-wg-ogrody-zimowe\/\" class=\"more-link\">Czytaj dalej <span class=\"screen-reader-text\">PONZIO PF 152 WG OGRODY ZIMOWE<\/span> <span class=\"meta-nav\">&rarr;<\/span><\/a><\/p>\n","protected":false},"author":1,"featured_media":0,"parent":0,"menu_order":0,"comment_status":"closed","ping_status":"closed","template":"","meta":{"footnotes":""},"class_list":["post-389","page","type-page","status-publish","hentry"],"aioseo_notices":[],"_links":{"self":[{"href":"https:\/\/www.iver-bud.pl\/index.php\/wp-json\/wp\/v2\/pages\/389"}],"collection":[{"href":"https:\/\/www.iver-bud.pl\/index.php\/wp-json\/wp\/v2\/pages"}],"about":[{"href":"https:\/\/www.iver-bud.pl\/index.php\/wp-json\/wp\/v2\/types\/page"}],"author":[{"embeddable":true,"href":"https:\/\/www.iver-bud.pl\/index.php\/wp-json\/wp\/v2\/users\/1"}],"replies":[{"embeddable":true,"href":"https:\/\/www.iver-bud.pl\/index.php\/wp-json\/wp\/v2\/comments?post=389"}],"version-history":[{"count":2,"href":"https:\/\/www.iver-bud.pl\/index.php\/wp-json\/wp\/v2\/pages\/389\/revisions"}],"predecessor-version":[{"id":506,"href":"https:\/\/www.iver-bud.pl\/index.php\/wp-json\/wp\/v2\/pages\/389\/revisions\/506"}],"wp:attachment":[{"href":"https:\/\/www.iver-bud.pl\/index.php\/wp-json\/wp\/v2\/media?parent=389"}],"curies":[{"name":"wp","href":"https:\/\/api.w.org\/{rel}","templated":true}]}}