{"id":385,"date":"2014-02-14T11:48:09","date_gmt":"2014-02-14T10:48:09","guid":{"rendered":"http:\/\/www.iver-bud.pl\/?page_id=385"},"modified":"2015-03-08T18:24:20","modified_gmt":"2015-03-08T17:24:20","slug":"ponzio-pf-152-hi","status":"publish","type":"page","link":"https:\/\/www.iver-bud.pl\/index.php\/ponzio-pf-152-hi\/","title":{"rendered":"PONZIO PF 152 HI"},"content":{"rendered":"<p style=\"text-align: justify;\">System \u015bcian os\u0142onowych s\u0142upowo-ryglowych PF 152 o podwy\u017cszonej izolacyjno\u015bci termicznej najcz\u0119\u015bciej stosowany w budownictwie energooszcz\u0119dnym. Zaprojektowany specjalnie nowy wk\u0142ad termiczny, kt\u00f3ry wype\u0142nia przestrze\u0144 mi\u0119dzyszybow\u0105, zast\u0105pi\u0142 wcze\u015bniejsze rozwi\u0105zanie oparte na ta\u015bmach tworzywowych. Nowy \u201etermik\u201d zar\u00f3wno swoim kszta\u0142tem, jak i w\u0142a\u015bciwo\u015bciami zdecydowanie poprawia parametry ca\u0142ej konstrukcji. Struktura tworzywa umo\u017cliwia prawid\u0142owe odwodnienie rygla; jego kszta\u0142t pozwala na \u0142atwy monta\u017c, kt\u00f3ry odbywa si\u0119 po zamontowaniu szklenia. Konstrukcja wk\u0142adu pozwala na zastosowanie szklenia w zakresie: 38-56 mm.<br \/>\nDoskona\u0142e w\u0142a\u015bciwo\u015bci termiczne pozwalaj\u0105 na osi\u0105gni\u0119cie wsp\u00f3\u0142czynnika ciep\u0142a Uf od 0,6 W\/m2K (dla wype\u0142nie\u0144 o grubo\u015bci 48 mm).<\/p>\n<p><strong>Kszta\u0142towniki aluminiowe<\/strong><br \/>\nEN AW-6060 wg PN-EN 573-3 stan T6 wg PN-EN 515 Al Mg Si 0,5 F22 wg norm DIN 1725 T1, DIN 17615 T1<\/p>\n<p style=\"text-align: justify;\"><strong>Wype\u0142nienia<\/strong><br \/>\nSzyby pojedyncze lub zespolone z ka\u017cdym rodzajem szk\u0142a lub panele nieprzezierne<\/p>\n<p style=\"text-align: justify;\"><strong>Sposoby wyko\u0144czenia powierzchni<\/strong><br \/>\nMalowanie proszkowe farbami poliestrowymi spe\u0142niaj\u0161ce wymogi Qualicoat, do wyboru kolory z palety RAL; anodowanie w kolorach: naturalne aluminium, oliwka, szampa\u0144ski, z\u0142oty, &#8222;stare z\u0142oto&#8221;, br\u0105zowy &#8211; spe\u0142niaj\u0105ce wymogi Qualanod; lakierowanie na \u201ekolor\u201d drewna<\/p>\n<p style=\"text-align: justify;\"><strong>Uszczelki<\/strong><br \/>\nz kauczuku syntetycznego EPDM wg normy 7863 i normy wykonawczej wg ISO 3302-01, E2<\/p>\n<p style=\"text-align: justify;\"><strong>Akcesoria<\/strong><br \/>\nz\u0142\u0105czki naro\u017cne, wkr\u0119ty, \u015bruby, podk\u0142adki z aluminium, stali nierdzewnej lub ocynkowanej<\/p>\n<p style=\"text-align: justify;\"><strong>Dopuszczenia i \u015bwiadectwa jako\u015bci<\/strong><br \/>\nWst\u0119pne badania typu wg PN-EN 13830:2005<\/p>\n<hr \/>\n\t\t\t\t\t<div class=\"gallery_box_single\">\n\t\t\t\t\t\t<p class=\"not_found\">Sorry, nothing found.<\/p>\n\t\t\t\t\t<\/div><!-- .gallery_box_single -->\n\t\t\t\t\t\n","protected":false},"excerpt":{"rendered":"<p>System \u015bcian os\u0142onowych s\u0142upowo-ryglowych PF 152 o podwy\u017cszonej izolacyjno\u015bci termicznej najcz\u0119\u015bciej stosowany w budownictwie energooszcz\u0119dnym. Zaprojektowany specjalnie nowy wk\u0142ad termiczny, kt\u00f3ry wype\u0142nia przestrze\u0144 mi\u0119dzyszybow\u0105, zast\u0105pi\u0142 wcze\u015bniejsze rozwi\u0105zanie oparte na ta\u015bmach tworzywowych. Nowy \u201etermik\u201d zar\u00f3wno swoim kszta\u0142tem, jak i w\u0142a\u015bciwo\u015bciami zdecydowanie poprawia parametry ca\u0142ej konstrukcji. Struktura tworzywa umo\u017cliwia prawid\u0142owe odwodnienie rygla; jego kszta\u0142t pozwala na \u0142atwy &hellip; <a href=\"https:\/\/www.iver-bud.pl\/index.php\/ponzio-pf-152-hi\/\" class=\"more-link\">Czytaj dalej <span class=\"screen-reader-text\">PONZIO PF 152 HI<\/span> <span class=\"meta-nav\">&rarr;<\/span><\/a><\/p>\n","protected":false},"author":1,"featured_media":0,"parent":0,"menu_order":0,"comment_status":"closed","ping_status":"closed","template":"","meta":{"footnotes":""},"class_list":["post-385","page","type-page","status-publish","hentry"],"aioseo_notices":[],"_links":{"self":[{"href":"https:\/\/www.iver-bud.pl\/index.php\/wp-json\/wp\/v2\/pages\/385"}],"collection":[{"href":"https:\/\/www.iver-bud.pl\/index.php\/wp-json\/wp\/v2\/pages"}],"about":[{"href":"https:\/\/www.iver-bud.pl\/index.php\/wp-json\/wp\/v2\/types\/page"}],"author":[{"embeddable":true,"href":"https:\/\/www.iver-bud.pl\/index.php\/wp-json\/wp\/v2\/users\/1"}],"replies":[{"embeddable":true,"href":"https:\/\/www.iver-bud.pl\/index.php\/wp-json\/wp\/v2\/comments?post=385"}],"version-history":[{"count":2,"href":"https:\/\/www.iver-bud.pl\/index.php\/wp-json\/wp\/v2\/pages\/385\/revisions"}],"predecessor-version":[{"id":504,"href":"https:\/\/www.iver-bud.pl\/index.php\/wp-json\/wp\/v2\/pages\/385\/revisions\/504"}],"wp:attachment":[{"href":"https:\/\/www.iver-bud.pl\/index.php\/wp-json\/wp\/v2\/media?parent=385"}],"curies":[{"name":"wp","href":"https:\/\/api.w.org\/{rel}","templated":true}]}}