{"id":383,"date":"2014-02-14T11:47:16","date_gmt":"2014-02-14T10:47:16","guid":{"rendered":"http:\/\/www.iver-bud.pl\/?page_id=383"},"modified":"2015-03-08T17:30:59","modified_gmt":"2015-03-08T16:30:59","slug":"ponzio-nt-152-sg","status":"publish","type":"page","link":"https:\/\/www.iver-bud.pl\/index.php\/ponzio-nt-152-sg\/","title":{"rendered":"PONZIO NT 152 SG"},"content":{"rendered":"<p style=\"text-align: justify;\">System konstrukcji s\u0142upowo-ryglowych przeznaczony do budowy \u015bcian strukturalnych, zakwalifikowany do grupy materia\u0142owej RMG 1.0.<br \/>\nKonstrukcja \u015bciany oparta jest na s\u0142upach pe\u0142nych, po\u0142\u00f3wkach i ryglach, kt\u00f3rych szeroko\u015b\u0107 wynosi 52 mm.<br \/>\nW systemie zastosowano kilka mo\u017cliwo\u015bci mocowania tafli szk\u0142a: klejenie strukturalne oraz chwytanie mechaniczne. Sposoby te pozwalaj\u0105 na indywidualne formowanie kszta\u0142tu \u015bciany os\u0142onowej.<\/p>\n<p><strong>Charakterystyka<\/strong><br \/>\n&#8211; mo\u017cliwo\u015b\u0107 zastosowania rozwi\u0105za\u0144 dla \u015bciany os\u0142onowej w konfiguracji pe\u0142nej sklasyfikowanej jako EI60;<br \/>\n&#8211; mo\u017cliwo\u015b\u0107 wykonania obok siebie okien wychylnych, otwieranych niezale\u017cnie;<br \/>\n&#8211; zastosowania wype\u0142nie\u0144 o grubo\u015bci: 6, 26, 28 mm;<\/p>\n<p><strong>Kszta\u0142towniki aluminiowe<\/strong><br \/>\nEN AW-6060 wg PN-EN 573-3 stan T6 wg PN-EN 515 Al Mg Si 0,5 F22 wg norm DIN 1725 T1, DIN 17615 T1<\/p>\n<p style=\"text-align: justify;\"><strong>Izolacyjno\u015b\u0107 termiczna<\/strong><br \/>\nWsp\u00f3\u0142czynnik przenikania ciep\u0142a Uf = 1,45-1,65 W\/m2K<\/p>\n<p style=\"text-align: justify;\"><strong>Wype\u0142nienia<\/strong><br \/>\nSzyby pojedyncze lub zespolone z ka\u017cdym rodzajem szk\u0142a lub panele nieprzezierne<\/p>\n<p style=\"text-align: justify;\"><strong>Sposoby wyko\u0144czenia powierzchni<\/strong><br \/>\nMalowanie proszkowe farbami poliestrowymi spe\u0142niaj\u0105ce wymogi Qualicoat, do wyboru kolory z palety RAL; anodowanie w kolorach: naturalne aluminium, oliwka, szampa\u0144ski, z\u0142oty, &#8222;stare z\u0142oto&#8221;, br\u0105zowy &#8211; spe\u0142niaj\u0105ce wymogi Qualanod; lakierowanie na \u201ekolor\u201d drewna<\/p>\n<p style=\"text-align: justify;\"><strong>Uszczelki<\/strong><br \/>\nz kauczuku syntetycznego EPDM wg normy 7863 i normy wykonawczej wg ISO 3302-01, E2<\/p>\n<p style=\"text-align: justify;\"><strong>Akcesoria <\/strong>z\u0142\u0105czki naro\u017cne, wkrety, \u015bruby, podk\u0142adki z aluminium, stali nierdzewnej lub ocynkowanej<\/p>\n<p style=\"text-align: justify;\"><strong>Okucia<\/strong><br \/>\ntylko renomowanych firm: Fapim, Savio, Geze, Security Style, itp.<\/p>\n<p style=\"text-align: justify;\"><strong>Dopuszczenia i \u015bwiadectwa jako\u015bci<\/strong><br \/>\nEuropejska Aprobata Techniczna ETA -08\/0288 &#8222;Zestaw wyrob\u00f3w do wykonywania \u015bcian os\u0142onowych z oszkleniem ze spoiwem konstrukcyjnym&#8221;.<br \/>\nBadania odporno\u015bci ogniowej \u015bciany os\u0142onowej w tzw. konfiguracji pe\u0142nej (pas mi\u0119dzykondygnacyjny i przeszklenia przezierne) &#8211; w klasie EI 60 &#8211; od strony wewn\u0119trznej<\/p>\n<hr \/>\n<p style=\"text-align: justify;\"><code>\t\t\t\t\t<div class=\"gallery_box_single\">\n\t\t\t\t\t\t<p class=\"not_found\">Sorry, nothing found.<\/p>\n\t\t\t\t\t<\/div><!-- .gallery_box_single -->\n\t\t\t\t\t<\/code><\/p>\n","protected":false},"excerpt":{"rendered":"<p>System konstrukcji s\u0142upowo-ryglowych przeznaczony do budowy \u015bcian strukturalnych, zakwalifikowany do grupy materia\u0142owej RMG 1.0. Konstrukcja \u015bciany oparta jest na s\u0142upach pe\u0142nych, po\u0142\u00f3wkach i ryglach, kt\u00f3rych szeroko\u015b\u0107 wynosi 52 mm. W systemie zastosowano kilka mo\u017cliwo\u015bci mocowania tafli szk\u0142a: klejenie strukturalne oraz chwytanie mechaniczne. Sposoby te pozwalaj\u0105 na indywidualne formowanie kszta\u0142tu \u015bciany os\u0142onowej. Charakterystyka &#8211; mo\u017cliwo\u015b\u0107 zastosowania &hellip; <a href=\"https:\/\/www.iver-bud.pl\/index.php\/ponzio-nt-152-sg\/\" class=\"more-link\">Czytaj dalej <span class=\"screen-reader-text\">PONZIO NT 152 SG<\/span> <span class=\"meta-nav\">&rarr;<\/span><\/a><\/p>\n","protected":false},"author":1,"featured_media":0,"parent":0,"menu_order":0,"comment_status":"closed","ping_status":"closed","template":"","meta":{"footnotes":""},"class_list":["post-383","page","type-page","status-publish","hentry"],"aioseo_notices":[],"_links":{"self":[{"href":"https:\/\/www.iver-bud.pl\/index.php\/wp-json\/wp\/v2\/pages\/383"}],"collection":[{"href":"https:\/\/www.iver-bud.pl\/index.php\/wp-json\/wp\/v2\/pages"}],"about":[{"href":"https:\/\/www.iver-bud.pl\/index.php\/wp-json\/wp\/v2\/types\/page"}],"author":[{"embeddable":true,"href":"https:\/\/www.iver-bud.pl\/index.php\/wp-json\/wp\/v2\/users\/1"}],"replies":[{"embeddable":true,"href":"https:\/\/www.iver-bud.pl\/index.php\/wp-json\/wp\/v2\/comments?post=383"}],"version-history":[{"count":2,"href":"https:\/\/www.iver-bud.pl\/index.php\/wp-json\/wp\/v2\/pages\/383\/revisions"}],"predecessor-version":[{"id":488,"href":"https:\/\/www.iver-bud.pl\/index.php\/wp-json\/wp\/v2\/pages\/383\/revisions\/488"}],"wp:attachment":[{"href":"https:\/\/www.iver-bud.pl\/index.php\/wp-json\/wp\/v2\/media?parent=383"}],"curies":[{"name":"wp","href":"https:\/\/api.w.org\/{rel}","templated":true}]}}