{"id":381,"date":"2014-02-14T11:46:12","date_gmt":"2014-02-14T10:46:12","guid":{"rendered":"http:\/\/www.iver-bud.pl\/?page_id=381"},"modified":"2015-03-08T18:26:02","modified_gmt":"2015-03-08T17:26:02","slug":"ponzio-pf-152-esg","status":"publish","type":"page","link":"https:\/\/www.iver-bud.pl\/index.php\/ponzio-pf-152-esg\/","title":{"rendered":"PONZIO PF 152 ESG"},"content":{"rendered":"<p style=\"text-align: justify;\">\u015aciana os\u0142onowa bezramowa z systemem klejenia konstrukcyjnego. System przeznaczony jest do wykonywania lekkich \u015bcian os\u0142onowych i innych konstrukcji przestrzennych. Jako element no\u015bny wykorzystuje konstrukcj\u0119 s\u0142upowo-ryglow\u0105 systemu Ponzio PF 152 i wchodz\u0105c\u0105 w jego sk\u0142ad szerok\u0105 gam\u0119 profili.Z zewn\u0105trz Ponzio PF152 ESG tworzy jednolit\u0105, g\u0142adk\u0105 \u015bcian\u0119 szk\u0142a podzielon\u0105 pionowymi i poziomymi liniami o szeroko\u015bci 22 mm (przy zastosowaniu silikonu pogodowego) lub 26 mm (przy wyborze systemowej uszczelki maskuj\u0105cej).<\/p>\n<p><strong>Charakterystyka<\/strong><br \/>\n&#8211; mo\u017cliwo\u015b\u0107 wykonania obok siebie okien wychylnych, otwieranych niezale\u017cnie;<br \/>\n&#8211; zastosowania wype\u0142nie\u0144 o grubo\u015bci: 26, 28 mm;<br \/>\n&#8211; dwa sposoby wyko\u0144czenia powierzchni \u015bciany: silikonowanie lub specjalnie zaprojektowana uszczelka maskuj\u0105ca.<\/p>\n<p><strong>Kszta\u0142towniki aluminiowe<\/strong><br \/>\nEN AW-6060 wg PN-EN 573-3 stan T6 wg PN-EN 515<br \/>\nAl Mg Si 0,5 F22 wg norm DIN 1725 T1, DIN 17615 T1<\/p>\n<p><strong>Izolacyjno\u015b\u0107 termiczna<\/strong><br \/>\nwsp\u00f3\u0142czynnik przenikania ciep\u0142a Uf = 1,70-1,95 W\/m2K<\/p>\n<p style=\"text-align: justify;\"><strong>Wype\u0142nienia<\/strong><br \/>\nszyby pojedyncze lub zespolone z ka\u017cdym rodzajem szk\u0142a lub panele nieprzezierne<\/p>\n<p style=\"text-align: justify;\"><strong>Sposoby wyko\u0144czenia powierzchni<\/strong><br \/>\nmalowanie proszkowe farbami poliestrowymi spe\u0142niaj\u0105ce wymogi Qualicoat, do wyboru kolory z palety RAL; anodowanie w kolorach: naturalne aluminium, oliwka, szampa\u0144ski, z\u0142oty, &#8222;stare z\u0142oto&#8221;, br\u0105zowy &#8211; spe\u0142niaj\u0105ce wymogi Qualanod; lakierowanie na \u201ekolor\u201d drewna<\/p>\n<p style=\"text-align: justify;\"><strong>Uszczelki<\/strong><br \/>\nz kauczuku syntetycznego EPDM wg normy 7863 i normy wykonawczej wg ISO 3302-01, E2<\/p>\n<p style=\"text-align: justify;\"><strong>Akcesoria<\/strong><br \/>\nz\u0142\u0105czki naro\u017cne, wkr\u0119ty, \u015bruby, podk\u0142adki z aluminium, stali nierdzewnej lub ocynkowanej<\/p>\n<p style=\"text-align: justify;\"><strong>Okucia<\/strong><br \/>\ntylko renomowanych firm: Fapim, Savio, Geze, Security Style, itp.<\/p>\n<p style=\"text-align: justify;\"><strong>Dopuszczenia i \u015bwiadectwa jako\u015bci<\/strong><br \/>\nWst\u0119pne badania typu wg PN-EN 13830:2005<\/p>\n<hr \/>\n\t\t\t\t\t<div class=\"gallery_box_single\">\n\t\t\t\t\t\t<p class=\"not_found\">Sorry, nothing found.<\/p>\n\t\t\t\t\t<\/div><!-- .gallery_box_single -->\n\t\t\t\t\t\n","protected":false},"excerpt":{"rendered":"<p>\u015aciana os\u0142onowa bezramowa z systemem klejenia konstrukcyjnego. System przeznaczony jest do wykonywania lekkich \u015bcian os\u0142onowych i innych konstrukcji przestrzennych. Jako element no\u015bny wykorzystuje konstrukcj\u0119 s\u0142upowo-ryglow\u0105 systemu Ponzio PF 152 i wchodz\u0105c\u0105 w jego sk\u0142ad szerok\u0105 gam\u0119 profili.Z zewn\u0105trz Ponzio PF152 ESG tworzy jednolit\u0105, g\u0142adk\u0105 \u015bcian\u0119 szk\u0142a podzielon\u0105 pionowymi i poziomymi liniami o szeroko\u015bci 22 mm &hellip; <a href=\"https:\/\/www.iver-bud.pl\/index.php\/ponzio-pf-152-esg\/\" class=\"more-link\">Czytaj dalej <span class=\"screen-reader-text\">PONZIO PF 152 ESG<\/span> <span class=\"meta-nav\">&rarr;<\/span><\/a><\/p>\n","protected":false},"author":1,"featured_media":0,"parent":0,"menu_order":0,"comment_status":"closed","ping_status":"closed","template":"","meta":{"footnotes":""},"class_list":["post-381","page","type-page","status-publish","hentry"],"aioseo_notices":[],"_links":{"self":[{"href":"https:\/\/www.iver-bud.pl\/index.php\/wp-json\/wp\/v2\/pages\/381"}],"collection":[{"href":"https:\/\/www.iver-bud.pl\/index.php\/wp-json\/wp\/v2\/pages"}],"about":[{"href":"https:\/\/www.iver-bud.pl\/index.php\/wp-json\/wp\/v2\/types\/page"}],"author":[{"embeddable":true,"href":"https:\/\/www.iver-bud.pl\/index.php\/wp-json\/wp\/v2\/users\/1"}],"replies":[{"embeddable":true,"href":"https:\/\/www.iver-bud.pl\/index.php\/wp-json\/wp\/v2\/comments?post=381"}],"version-history":[{"count":2,"href":"https:\/\/www.iver-bud.pl\/index.php\/wp-json\/wp\/v2\/pages\/381\/revisions"}],"predecessor-version":[{"id":503,"href":"https:\/\/www.iver-bud.pl\/index.php\/wp-json\/wp\/v2\/pages\/381\/revisions\/503"}],"wp:attachment":[{"href":"https:\/\/www.iver-bud.pl\/index.php\/wp-json\/wp\/v2\/media?parent=381"}],"curies":[{"name":"wp","href":"https:\/\/api.w.org\/{rel}","templated":true}]}}