{"id":377,"date":"2014-02-14T11:43:57","date_gmt":"2014-02-14T10:43:57","guid":{"rendered":"http:\/\/www.iver-bud.pl\/?page_id=377"},"modified":"2015-03-08T18:25:04","modified_gmt":"2015-03-08T17:25:04","slug":"ponzio-pe-78hi","status":"publish","type":"page","link":"https:\/\/www.iver-bud.pl\/index.php\/ponzio-pe-78hi\/","title":{"rendered":"PONZIO PE 78HI"},"content":{"rendered":"<p style=\"text-align: justify;\">Wariant systemu PE 78, kt\u00f3ry posiada czterokomorow\u0105 konstrukcj\u0119 &#8211; analogiczn\u0105 do systemu okiennego PE 78.<br \/>\nPrzeznaczony jest do stosowania w konstrukcjach o szczeg\u00f3lnie wysokich wymogach izolacyjno\u015bci termicznej, a dzi\u0119ki specjalnym wk\u0142adom izolacyjnym, zwi\u0119ksza jeszcze bardziej swoje mo\u017cliwo\u015bci.<br \/>\nW wersji PE 78+ z zamkni\u0119ciem komory podszybowej, wsp\u00f3\u0142czynnik przenikania ciep\u0142a Uf wynosi od 1,1 W\/m2K.<br \/>\nNajcieplejszy wariant &#8211; z wk\u0142adem z aero\u017celu, pozwala na osi\u0105gni\u0119cie warto\u015bci wsp\u00f3\u0142czynnika Uf od 0,9 W\/m2K.<\/p>\n<p><strong>Kszta\u0142towniki aluminiowe<\/strong><br \/>\nEN AW-6060 wg PN-EN 573-3 stan T6 wg PN-EN 515 Al Mg Si 0,5 F22 wg norm DIN 1725 T1, DIN 17615T1<\/p>\n<p style=\"text-align: justify;\"><strong>Izolacyjno\u015b\u0107 termiczna<\/strong><br \/>\nwsp\u00f3\u0142czynnik przenikania ciep\u0142a Uf = od 0,9 W\/m2K<br \/>\nSposoby wyko\u0144czenia powierzchni<br \/>\nmalowanie proszkowe farbami poliestrowymi spe\u0142niaj\u0105ce wymogi Qualicoat, do wyboru kolory z palety RAL; anodowanie; lakierowanie na \u201ekolor\u201d drewna<\/p>\n<p style=\"text-align: justify;\"><strong>Uszczelki<\/strong><br \/>\nz kauczuku syntetycznego EPDM wg normy 7863 i normy wykonawczej wg ISO 3302-01, E2-01, E2<\/p>\n<p style=\"text-align: justify;\"><strong>Wype\u0142nienia<\/strong><br \/>\nszyby pojedyncze lub zespolone z ka\u017cdym rodzajem szk\u0142a lub panele nieprzezierne<\/p>\n<p style=\"text-align: justify;\"><strong>Okucia<\/strong><br \/>\ntylko renomowanych firm: Sobinco, SAVIO, Siegenia<\/p>\n<p style=\"text-align: justify;\"><strong>Dopuszczenia i \u015bwiadectwa jako\u015bci<\/strong><br \/>\nWst\u0119pne badania typu wg PN-EN 14351-1<\/p>\n<hr \/>\n\t\t\t\t\t<div class=\"gallery_box_single\">\n\t\t\t\t\t\t<p class=\"not_found\">Sorry, nothing found.<\/p>\n\t\t\t\t\t<\/div><!-- .gallery_box_single -->\n\t\t\t\t\t\n","protected":false},"excerpt":{"rendered":"<p>Wariant systemu PE 78, kt\u00f3ry posiada czterokomorow\u0105 konstrukcj\u0119 &#8211; analogiczn\u0105 do systemu okiennego PE 78. Przeznaczony jest do stosowania w konstrukcjach o szczeg\u00f3lnie wysokich wymogach izolacyjno\u015bci termicznej, a dzi\u0119ki specjalnym wk\u0142adom izolacyjnym, zwi\u0119ksza jeszcze bardziej swoje mo\u017cliwo\u015bci. W wersji PE 78+ z zamkni\u0119ciem komory podszybowej, wsp\u00f3\u0142czynnik przenikania ciep\u0142a Uf wynosi od 1,1 W\/m2K. Najcieplejszy wariant &hellip; <a href=\"https:\/\/www.iver-bud.pl\/index.php\/ponzio-pe-78hi\/\" class=\"more-link\">Czytaj dalej <span class=\"screen-reader-text\">PONZIO PE 78HI<\/span> <span class=\"meta-nav\">&rarr;<\/span><\/a><\/p>\n","protected":false},"author":1,"featured_media":0,"parent":0,"menu_order":0,"comment_status":"closed","ping_status":"closed","template":"","meta":{"footnotes":""},"class_list":["post-377","page","type-page","status-publish","hentry"],"aioseo_notices":[],"_links":{"self":[{"href":"https:\/\/www.iver-bud.pl\/index.php\/wp-json\/wp\/v2\/pages\/377"}],"collection":[{"href":"https:\/\/www.iver-bud.pl\/index.php\/wp-json\/wp\/v2\/pages"}],"about":[{"href":"https:\/\/www.iver-bud.pl\/index.php\/wp-json\/wp\/v2\/types\/page"}],"author":[{"embeddable":true,"href":"https:\/\/www.iver-bud.pl\/index.php\/wp-json\/wp\/v2\/users\/1"}],"replies":[{"embeddable":true,"href":"https:\/\/www.iver-bud.pl\/index.php\/wp-json\/wp\/v2\/comments?post=377"}],"version-history":[{"count":2,"href":"https:\/\/www.iver-bud.pl\/index.php\/wp-json\/wp\/v2\/pages\/377\/revisions"}],"predecessor-version":[{"id":501,"href":"https:\/\/www.iver-bud.pl\/index.php\/wp-json\/wp\/v2\/pages\/377\/revisions\/501"}],"wp:attachment":[{"href":"https:\/\/www.iver-bud.pl\/index.php\/wp-json\/wp\/v2\/media?parent=377"}],"curies":[{"name":"wp","href":"https:\/\/api.w.org\/{rel}","templated":true}]}}