{"id":375,"date":"2014-02-14T11:43:11","date_gmt":"2014-02-14T10:43:11","guid":{"rendered":"http:\/\/www.iver-bud.pl\/?page_id=375"},"modified":"2015-03-08T17:45:22","modified_gmt":"2015-03-08T16:45:22","slug":"ponzio-pe-68hi","status":"publish","type":"page","link":"https:\/\/www.iver-bud.pl\/index.php\/ponzio-pe-68hi\/","title":{"rendered":"PONZIO PE 68HI"},"content":{"rendered":"<p style=\"text-align: justify;\">Wariant systemu PE 68, kt\u00f3ry posiada analogiczn\u0105 konstrukcj\u0119 do systemu okiennego PE 68. Jego dodatkowym walorem jest zwi\u0119kszona izolacyjno\u015b\u0107 termiczna uzyskana poprzez specjalne wk\u0142ady izolacyjne.<br \/>\nW zale\u017cno\u015bci od miejsc, w kt\u00f3rych zastosowano dodatkowe wype\u0142nienie, system osi\u0105ga r\u00f3\u017cn\u0105 warto\u015b\u0107 wsp\u00f3\u0142czynnika przenikania ciep\u0142a. W wersji PE 68+ z zamkni\u0119ciem komory podszybowej &#8211; Uf wynosi od 1,5W\/m2K , w wersji cieplejszej: PE 68HI &#8211; z zamkni\u0119ciem komory podszybowej i wk\u0142adem izolacyjnym w komory profili &#8211; Uf osi\u0105ga warto\u015b\u0107 od 1,3 W\/m2K.<\/p>\n<p><strong>Kszta\u0142towniki aluminiowe<\/strong><br \/>\nEN AW-6060 wg PN-EN 573-3 stan T6 wg PN-EN 515<br \/>\nAl Mg Si 0,5 F22 wg norm DIN 1725 T1, DIN 17615T1<\/p>\n<p style=\"text-align: justify;\"><strong>Izolacyjno\u015b\u0107 termiczna<\/strong><br \/>\nWsp\u00f3\u0142czynnik przenikania ciep\u0142a Uf = od 1,3 W\/m2K<\/p>\n<p style=\"text-align: justify;\"><strong>Wype\u0142nienia<\/strong><br \/>\nszyby pojedyncze lub zespolone z ka\u017cdym rodzajem szk\u0142a lub panele nieprzezierne<\/p>\n<p style=\"text-align: justify;\"><strong>Sposoby wyko\u0144czenia powierzchni<\/strong><br \/>\nmalowanie proszkowe farbami poliestrowymi spe\u0142niaj\u0105ce wymogi Qualicoat, do wyboru kolory z palety RAL; anodowanie w kolorach: naturalne aluminium, oliwka, szampa\u0144ski, z\u0142oty, &#8222;stare z\u0142oto&#8221;, br\u0105zowy &#8211; spe\u0142niaj\u0105ce wymogi Qualanod; lakierowanie na \u201ekolor\u201d drewna<\/p>\n<p style=\"text-align: justify;\"><strong>Uszczelki<\/strong><br \/>\nz kauczuku syntetycznego EPDM wg normy 7863 i normy wykonawczej wg ISO 3302-01, E2<\/p>\n<p style=\"text-align: justify;\"><strong>Akcesoria<\/strong><br \/>\nz\u0142\u0105czki naro\u017cne, wkrety, \u015bruby, podk\u0142adki z aluminium, stali nierdzewnej lub ocynkowanej<\/p>\n<p style=\"text-align: justify;\"><strong>Okucia<\/strong><br \/>\ntylko renomowanych firm: Savio, Sobinco, Hautau, Winkhaus, Siegenia, itp.<\/p>\n<p style=\"text-align: justify;\"><strong>Dopuszczenia i \u015bwiadectwa jako\u015bci<\/strong><br \/>\nWst\u0119pne badania typu wg PN-EN 14351-1<\/p>\n<hr \/>\n\t\t\t\t\t<div class=\"gallery_box_single\">\n\t\t\t\t\t\t<p class=\"not_found\">Sorry, nothing found.<\/p>\n\t\t\t\t\t<\/div><!-- .gallery_box_single -->\n\t\t\t\t\t\n","protected":false},"excerpt":{"rendered":"<p>Wariant systemu PE 68, kt\u00f3ry posiada analogiczn\u0105 konstrukcj\u0119 do systemu okiennego PE 68. Jego dodatkowym walorem jest zwi\u0119kszona izolacyjno\u015b\u0107 termiczna uzyskana poprzez specjalne wk\u0142ady izolacyjne. W zale\u017cno\u015bci od miejsc, w kt\u00f3rych zastosowano dodatkowe wype\u0142nienie, system osi\u0105ga r\u00f3\u017cn\u0105 warto\u015b\u0107 wsp\u00f3\u0142czynnika przenikania ciep\u0142a. W wersji PE 68+ z zamkni\u0119ciem komory podszybowej &#8211; Uf wynosi od 1,5W\/m2K , &hellip; <a href=\"https:\/\/www.iver-bud.pl\/index.php\/ponzio-pe-68hi\/\" class=\"more-link\">Czytaj dalej <span class=\"screen-reader-text\">PONZIO PE 68HI<\/span> <span class=\"meta-nav\">&rarr;<\/span><\/a><\/p>\n","protected":false},"author":1,"featured_media":0,"parent":0,"menu_order":0,"comment_status":"closed","ping_status":"closed","template":"","meta":{"footnotes":""},"class_list":["post-375","page","type-page","status-publish","hentry"],"aioseo_notices":[],"_links":{"self":[{"href":"https:\/\/www.iver-bud.pl\/index.php\/wp-json\/wp\/v2\/pages\/375"}],"collection":[{"href":"https:\/\/www.iver-bud.pl\/index.php\/wp-json\/wp\/v2\/pages"}],"about":[{"href":"https:\/\/www.iver-bud.pl\/index.php\/wp-json\/wp\/v2\/types\/page"}],"author":[{"embeddable":true,"href":"https:\/\/www.iver-bud.pl\/index.php\/wp-json\/wp\/v2\/users\/1"}],"replies":[{"embeddable":true,"href":"https:\/\/www.iver-bud.pl\/index.php\/wp-json\/wp\/v2\/comments?post=375"}],"version-history":[{"count":2,"href":"https:\/\/www.iver-bud.pl\/index.php\/wp-json\/wp\/v2\/pages\/375\/revisions"}],"predecessor-version":[{"id":498,"href":"https:\/\/www.iver-bud.pl\/index.php\/wp-json\/wp\/v2\/pages\/375\/revisions\/498"}],"wp:attachment":[{"href":"https:\/\/www.iver-bud.pl\/index.php\/wp-json\/wp\/v2\/media?parent=375"}],"curies":[{"name":"wp","href":"https:\/\/api.w.org\/{rel}","templated":true}]}}