{"id":373,"date":"2014-02-14T11:42:06","date_gmt":"2014-02-14T10:42:06","guid":{"rendered":"http:\/\/www.iver-bud.pl\/?page_id=373"},"modified":"2015-03-08T18:32:48","modified_gmt":"2015-03-08T17:32:48","slug":"ponzio-pw-93-wood","status":"publish","type":"page","link":"https:\/\/www.iver-bud.pl\/index.php\/ponzio-pw-93-wood\/","title":{"rendered":"PONZIO PW 93 WOOD"},"content":{"rendered":"<p style=\"text-align: justify;\">G\u0142\u00f3wn\u0105 cech\u0105 systemu b\u0119d\u0105cego po\u0142\u0105czeniem aluminium i drewna PW 93Wood jest zastosowanie przek\u0142adki termicznej o szeroko\u015bci 24 mm.<br \/>\nG\u0142\u0119boko\u015b\u0107 konstrukcyjna kszta\u0142townik\u00f3w dla o\u015bcie\u017cnic i skrzyde\u0142 wynosi 70-93 mm; dzi\u0119ki temu poprawi\u0142a si\u0119 r\u00f3wnie\u017c izolacyjno\u015b\u0107 termiczna systemu. W systemie mo\u017cna wykona\u0107 r\u00f3\u017cnorodne konstrukcje: m.in. okna dwuskrzyd\u0142owe, rozwierne, uchylno-rozwierne, uchylne.<br \/>\nW Ponzio PW 93Wood zastosowano nowe nak\u0142adki drewniane z drzewa tropikalnego, kt\u00f3re s\u0142ynie z bardzo dobrej jako\u015bci, odporno\u015bci na warunki atmosferyczne, a tak\u017ce szlachetnego wygl\u0105du. Mo\u017cna je stosowa\u0107 w szerokiej gamie kolorystycznej.<\/p>\n<p style=\"text-align: justify;\"><strong>Charakterystyka<\/strong><br \/>\n&#8211; mo\u017cliwo\u015b\u0107 zastosowania nowoczesnych uszczelek dwukomponentowych z EPDM<br \/>\n&#8211; wiele wariant\u00f3w wykonania skrzyde\u0142 okiennych<br \/>\n&#8211; wiele sposob\u00f3w wykonania po\u0142\u0105cze\u0144 naro\u017cnych poprzez skr\u0119canie lub zagniatanie<\/p>\n<p><strong>Izolacyjno\u015b\u0107 termiczna<\/strong><br \/>\nUf = 1,7-2,0 W\/m2K<\/p>\n<p style=\"text-align: justify;\"><strong>Wype\u0142nienia<\/strong><br \/>\nszyby pojedyncze lub zespolone z ka\u017cdym rodzajem szk\u0142a lub panele nieprzezierne<\/p>\n<p style=\"text-align: justify;\"><strong>Sposoby wyko\u0144czenia powierzchni<\/strong><br \/>\naluminium malowanie proszkowe farbami poliestrowymi spe\u0142niaj\u0105ce wymogi Qualicoat, do wyboru kolory z palety RAL; anodowanie w kolorach: naturalne aluminium, oliwka, szampa\u0144ski, z\u0142oty, &#8222;stare z\u0142oto&#8221;, br\u0105zowy &#8211; spe\u0142niaj\u0105ce wymogi Qualanod; lakierowanie na \u201ekolor\u201d drewna<\/p>\n<p style=\"text-align: justify;\"><strong>Uszczelki<\/strong><br \/>\nz kauczuku syntetycznego EPDM wg normy 7863 i normy<br \/>\nwykonawczej wg ISO 3302-01, E2-01, E2<\/p>\n<p style=\"text-align: justify;\"><strong>Akcesoria<\/strong><br \/>\nz\u0142\u0105czki naro\u017cne, wkrety, \u015bruby, podk\u0142adki z aluminium, stali nierdzewnej lub ocynkowanej<\/p>\n<p style=\"text-align: justify;\"><strong>Okucia<\/strong><br \/>\nFirmy Maco lub podobne<\/p>\n<hr \/>\n\t\t\t\t\t<div class=\"gallery_box_single\">\n\t\t\t\t\t\t<p class=\"not_found\">Sorry, nothing found.<\/p>\n\t\t\t\t\t<\/div><!-- .gallery_box_single -->\n\t\t\t\t\t\n","protected":false},"excerpt":{"rendered":"<p>G\u0142\u00f3wn\u0105 cech\u0105 systemu b\u0119d\u0105cego po\u0142\u0105czeniem aluminium i drewna PW 93Wood jest zastosowanie przek\u0142adki termicznej o szeroko\u015bci 24 mm. G\u0142\u0119boko\u015b\u0107 konstrukcyjna kszta\u0142townik\u00f3w dla o\u015bcie\u017cnic i skrzyde\u0142 wynosi 70-93 mm; dzi\u0119ki temu poprawi\u0142a si\u0119 r\u00f3wnie\u017c izolacyjno\u015b\u0107 termiczna systemu. W systemie mo\u017cna wykona\u0107 r\u00f3\u017cnorodne konstrukcje: m.in. okna dwuskrzyd\u0142owe, rozwierne, uchylno-rozwierne, uchylne. W Ponzio PW 93Wood zastosowano nowe nak\u0142adki &hellip; <a href=\"https:\/\/www.iver-bud.pl\/index.php\/ponzio-pw-93-wood\/\" class=\"more-link\">Czytaj dalej <span class=\"screen-reader-text\">PONZIO PW 93 WOOD<\/span> <span class=\"meta-nav\">&rarr;<\/span><\/a><\/p>\n","protected":false},"author":1,"featured_media":0,"parent":0,"menu_order":0,"comment_status":"closed","ping_status":"closed","template":"","meta":{"footnotes":""},"class_list":["post-373","page","type-page","status-publish","hentry"],"aioseo_notices":[],"_links":{"self":[{"href":"https:\/\/www.iver-bud.pl\/index.php\/wp-json\/wp\/v2\/pages\/373"}],"collection":[{"href":"https:\/\/www.iver-bud.pl\/index.php\/wp-json\/wp\/v2\/pages"}],"about":[{"href":"https:\/\/www.iver-bud.pl\/index.php\/wp-json\/wp\/v2\/types\/page"}],"author":[{"embeddable":true,"href":"https:\/\/www.iver-bud.pl\/index.php\/wp-json\/wp\/v2\/users\/1"}],"replies":[{"embeddable":true,"href":"https:\/\/www.iver-bud.pl\/index.php\/wp-json\/wp\/v2\/comments?post=373"}],"version-history":[{"count":2,"href":"https:\/\/www.iver-bud.pl\/index.php\/wp-json\/wp\/v2\/pages\/373\/revisions"}],"predecessor-version":[{"id":509,"href":"https:\/\/www.iver-bud.pl\/index.php\/wp-json\/wp\/v2\/pages\/373\/revisions\/509"}],"wp:attachment":[{"href":"https:\/\/www.iver-bud.pl\/index.php\/wp-json\/wp\/v2\/media?parent=373"}],"curies":[{"name":"wp","href":"https:\/\/api.w.org\/{rel}","templated":true}]}}