{"id":367,"date":"2014-02-14T11:39:06","date_gmt":"2014-02-14T10:39:06","guid":{"rendered":"http:\/\/www.iver-bud.pl\/?page_id=367"},"modified":"2015-03-08T17:50:37","modified_gmt":"2015-03-08T16:50:37","slug":"ponzio-pe-78-okna","status":"publish","type":"page","link":"https:\/\/www.iver-bud.pl\/index.php\/ponzio-pe-78-okna\/","title":{"rendered":"PONZIO PE 78 OKNA"},"content":{"rendered":"<p style=\"text-align: justify;\">System posiada czterokomorow\u0105 konstrukcj\u0119 profili z rowkiem okuciowym w standardzie &#8222;euro&#8221; i jest przeznaczony do konstrukcji okien o szczeg\u00f3lnie wysokich wymogach izolacyjno\u015bci termicznej (Uf = 1,2-1,9 W\/m2K). G\u0142\u0119boko\u015b\u0107 konstrukcyjna kszta\u0142townik\u00f3w dla o\u015bcie\u017cnic wynosi 78 mm, a dla skrzyde\u0142 86 mm. System pozwala na zastosowanie szerokiej gamy oku\u0107 oraz u\u0142atwia ich monta\u017c. Dzi\u0119ki czterokomorowej budowie i dodatkowym elementom wzmacniaj\u0105cym, system pozwala na wykonywanie konstrukcji o du\u017cych gabarytach.<\/p>\n<p style=\"text-align: justify;\"><strong>Charakterystyka<\/strong><br \/>\n&#8211; \u015bcis\u0142e powi\u0105zanie z innymi systemami rodziny Ponzio<br \/>\n&#8211; zastosowanie nowoczesnych uszczelek dwukomponentowych z EPDM<br \/>\n&#8211; mo\u017cliwo\u015b\u0107 wykonania konstrukcji \u0142ukowych<br \/>\n&#8211; mo\u017cliwo\u015b\u0107 zastosowania wype\u0142nie\u0144 o grubo\u015bci 23-61 mm<br \/>\n&#8211; mo\u017cliwo\u015b\u0107 wykonywania po\u0142\u0105cze\u0144 naro\u017cnych skr\u0119canych lub zagniatanych<br \/>\n&#8211; skrzyd\u0142a okienne zlicowane po stronie zewn\u0119trznej<\/p>\n<p style=\"text-align: justify;\"><strong>Kszta\u0142towniki aluminiowe<\/strong><br \/>\nEN AW-6060 wg PN-EN 573-3 stan T6 wg PN-EN 515 Al Mg Si 0,5 F22 wg norm DIN 1725 T1, DIN 17615T1<\/p>\n<p style=\"text-align: justify;\"><strong>Izolacyjno\u015b\u0107 termiczna<\/strong><br \/>\nUf = 1,2-1,9 W\/m2K<\/p>\n<p style=\"text-align: justify;\"><strong>Sposoby wyko\u0144czenia powierzchni<\/strong><br \/>\nmalowanie proszkowe farbami poliestrowymi spe\u0142niaj\u0105ce wymogi Qualicoat, do wyboru kolory z palety RAL; anodowanie; lakierowanie na \u201ekolor\u201d drewna<\/p>\n<p style=\"text-align: justify;\"><strong>Uszczelki<\/strong><br \/>\nz kauczuku syntetycznego EPDM wg normy 7863 i normy wykonawczej wg ISO 3302-01, E2-01, E2<\/p>\n<p style=\"text-align: justify;\"><strong>Wype\u0142nienia<\/strong><br \/>\nszyby pojedyncze lub zespolone z ka\u017cdym rodzajem szk\u0142a lub panele nieprzezierne<\/p>\n<p style=\"text-align: justify;\"><strong>Okucia<\/strong><br \/>\ntylko renomowanych firm: Sobinco, SAVIO, Siegenia<\/p>\n<p style=\"text-align: justify;\"><strong>Dopuszczenia i \u015bwiadectwa jako\u015bci<\/strong><br \/>\nWst\u0119pne badania typu wg PN-EN 14351-1<br \/>\nCertyfikat w zakresie odporno\u015bci na w\u0142amanie: Klasa RC2 wg PN-EN 1627:2011<\/p>\n<hr \/>\n\t\t\t\t\t<div class=\"gallery_box_single\">\n\t\t\t\t\t\t<p class=\"not_found\">Sorry, nothing found.<\/p>\n\t\t\t\t\t<\/div><!-- .gallery_box_single -->\n\t\t\t\t\t\n","protected":false},"excerpt":{"rendered":"<p>System posiada czterokomorow\u0105 konstrukcj\u0119 profili z rowkiem okuciowym w standardzie &#8222;euro&#8221; i jest przeznaczony do konstrukcji okien o szczeg\u00f3lnie wysokich wymogach izolacyjno\u015bci termicznej (Uf = 1,2-1,9 W\/m2K). G\u0142\u0119boko\u015b\u0107 konstrukcyjna kszta\u0142townik\u00f3w dla o\u015bcie\u017cnic wynosi 78 mm, a dla skrzyde\u0142 86 mm. System pozwala na zastosowanie szerokiej gamy oku\u0107 oraz u\u0142atwia ich monta\u017c. Dzi\u0119ki czterokomorowej budowie i &hellip; <a href=\"https:\/\/www.iver-bud.pl\/index.php\/ponzio-pe-78-okna\/\" class=\"more-link\">Czytaj dalej <span class=\"screen-reader-text\">PONZIO PE 78 OKNA<\/span> <span class=\"meta-nav\">&rarr;<\/span><\/a><\/p>\n","protected":false},"author":1,"featured_media":0,"parent":0,"menu_order":0,"comment_status":"closed","ping_status":"closed","template":"","meta":{"footnotes":""},"class_list":["post-367","page","type-page","status-publish","hentry"],"aioseo_notices":[],"_links":{"self":[{"href":"https:\/\/www.iver-bud.pl\/index.php\/wp-json\/wp\/v2\/pages\/367"}],"collection":[{"href":"https:\/\/www.iver-bud.pl\/index.php\/wp-json\/wp\/v2\/pages"}],"about":[{"href":"https:\/\/www.iver-bud.pl\/index.php\/wp-json\/wp\/v2\/types\/page"}],"author":[{"embeddable":true,"href":"https:\/\/www.iver-bud.pl\/index.php\/wp-json\/wp\/v2\/users\/1"}],"replies":[{"embeddable":true,"href":"https:\/\/www.iver-bud.pl\/index.php\/wp-json\/wp\/v2\/comments?post=367"}],"version-history":[{"count":2,"href":"https:\/\/www.iver-bud.pl\/index.php\/wp-json\/wp\/v2\/pages\/367\/revisions"}],"predecessor-version":[{"id":500,"href":"https:\/\/www.iver-bud.pl\/index.php\/wp-json\/wp\/v2\/pages\/367\/revisions\/500"}],"wp:attachment":[{"href":"https:\/\/www.iver-bud.pl\/index.php\/wp-json\/wp\/v2\/media?parent=367"}],"curies":[{"name":"wp","href":"https:\/\/api.w.org\/{rel}","templated":true}]}}