{"id":363,"date":"2014-02-14T11:36:43","date_gmt":"2014-02-14T10:36:43","guid":{"rendered":"http:\/\/www.iver-bud.pl\/?page_id=363"},"modified":"2015-03-08T17:44:02","modified_gmt":"2015-03-08T16:44:02","slug":"ponzio-pe-68-okna","status":"publish","type":"page","link":"https:\/\/www.iver-bud.pl\/index.php\/ponzio-pe-68-okna\/","title":{"rendered":"PONZIO PE 68 OKNA"},"content":{"rendered":"<p style=\"text-align: justify;\">\u00a0System o trzykomorowej konstrukcji profili z rowkiem okuciowym w standardzie \u201eeuro\u201d oraz z rowkiem okuciowym stosowanych w drzwiach i oknach balkonowych z profili PVC lub drewnianych.<br \/>\nG\u0142\u0119boko\u015b\u0107 konstrukcyjna kszta\u0142townik\u00f3w dla o\u015bcie\u017cnic wynosi 68 mm, a dla skrzyde\u0142 76 mm.<br \/>\nSzersza, w por\u00f3wnaniu z systemem PE 60, przek\u0142adka termiczna 32 mm oraz dwukomponentowa, uszczelka centralna gwarantuj\u0105 uzyskanie wysokich parametr\u00f3w termicznych.<br \/>\nDzi\u0119ki modernizacji element\u00f3w uszczelniaj\u0105cych, nie ma konieczno\u015bci stosowania okapnik\u00f3w, co pozytywnie wp\u0142ywa na estetyk\u0119 elewacji.<br \/>\nSystem pozwala na zastosowanie szerokiej gamy oku\u0107 oraz u\u0142atwia ich monta\u017c. Trzykomorowa konstrukcja profili systemu Ponzio PE 68 zapewnia du\u017c\u0105 sztywno\u015b\u0107 kszta\u0142townik\u00f3w, a co za tym idzie umo\u017cliwia wykonywanie konstrukcji o du\u017cych gabarytach.<\/p>\n<p><strong>Charakterystyka<\/strong><br \/>\n&#8211; \u015bcis\u0142e powi\u0105zanie z innymi systemami rodziny Ponzio<br \/>\n&#8211; mo\u017cliwo\u015b\u0107 zlicowania skrzyde\u0142 okien (jedna p\u0142aszczyzna po stronie zewn\u0119trznej);<br \/>\n&#8211; zastosowania wype\u0142nie\u0144 o grubo\u015bci: 18-59 mm;<br \/>\n&#8211; zastosowania nowoczesnych uszczelek dwukomponentowych z EPDM;<br \/>\n&#8211; gi\u0119cia profili;<br \/>\n&#8211; wiele sposob\u00f3w wykonania po\u0142\u0105cze\u0144 naro\u017cnych<\/p>\n<p><strong>Kszta\u0142towniki aluminiowe<\/strong><\/p>\n<p style=\"text-align: justify;\">EN AW-6060 wg PN-EN 573-3 stan T6 wg PN-EN 515 Al Mg Si 0,5 F22 wg norm DIN 1725 T1, DIN 17615T1<\/p>\n<p style=\"text-align: justify;\"><strong>Izolacyjno\u015b\u0107 termiczna<\/strong><br \/>\nWsp\u00f3\u0142czynnik przenikania ciep\u0142a Uf = 1,8-2,0 W\/m2K<\/p>\n<p style=\"text-align: justify;\"><strong>Wype\u0142nienia<\/strong><br \/>\nszyby pojedyncze lub zespolone z ka\u017cdym rodzajem szk\u0142a lub panele nieprzezierne<\/p>\n<p style=\"text-align: justify;\"><strong>Sposoby wyko\u0144czenia powierzchni<\/strong><br \/>\nmalowanie proszkowe farbami poliestrowymi spe\u0142niaj\u0105ce wymogi Qualicoat, do wyboru kolory z palety RAL; anodowanie w kolorach: naturalne aluminium, oliwka, szampa\u0144ski, z\u0142oty, &#8222;stare z\u0142oto&#8221;, br\u0105zowy &#8211; spe\u0142niaj\u0105ce wymogi Qualanod; lakierowanie na \u201ekolor\u201d drewna<\/p>\n<p style=\"text-align: justify;\"><strong>Uszczelki<\/strong><br \/>\nz kauczuku syntetycznego EPDM wg normy 7863 i normy wykonawczej wg ISO 3302-01, E2<\/p>\n<p style=\"text-align: justify;\"><strong>Akcesoria<\/strong><br \/>\nz\u0142\u0105czki naro\u017cne, wkrety, \u015bruby, podk\u0142adki z aluminium, stali nierdzewnej lub ocynkowanej<\/p>\n<p style=\"text-align: justify;\"><strong>Okucia<\/strong><br \/>\ntylko renomowanych firm: Savio, Erreti, Hautau, Winkhaus itp.<\/p>\n<p style=\"text-align: justify;\"><strong>Dopuszczenia i \u015bwiadectwa jako\u015bci<\/strong><br \/>\nWst\u0119pne badania typu wg PN-EN 14351-1<br \/>\nCertyfikat w zakresie odporno\u015bci na w\u0142amanie: Klasa RC2 wg PN-EN 1627-2011<\/p>\n<hr \/>\n\t\t\t\t\t<div class=\"gallery_box_single\">\n\t\t\t\t\t\t<p class=\"not_found\">Sorry, nothing found.<\/p>\n\t\t\t\t\t<\/div><!-- .gallery_box_single -->\n\t\t\t\t\t\n","protected":false},"excerpt":{"rendered":"<p>\u00a0System o trzykomorowej konstrukcji profili z rowkiem okuciowym w standardzie \u201eeuro\u201d oraz z rowkiem okuciowym stosowanych w drzwiach i oknach balkonowych z profili PVC lub drewnianych. G\u0142\u0119boko\u015b\u0107 konstrukcyjna kszta\u0142townik\u00f3w dla o\u015bcie\u017cnic wynosi 68 mm, a dla skrzyde\u0142 76 mm. Szersza, w por\u00f3wnaniu z systemem PE 60, przek\u0142adka termiczna 32 mm oraz dwukomponentowa, uszczelka centralna gwarantuj\u0105 &hellip; <a href=\"https:\/\/www.iver-bud.pl\/index.php\/ponzio-pe-68-okna\/\" class=\"more-link\">Czytaj dalej <span class=\"screen-reader-text\">PONZIO PE 68 OKNA<\/span> <span class=\"meta-nav\">&rarr;<\/span><\/a><\/p>\n","protected":false},"author":1,"featured_media":0,"parent":0,"menu_order":0,"comment_status":"closed","ping_status":"closed","template":"","meta":{"footnotes":""},"class_list":["post-363","page","type-page","status-publish","hentry"],"aioseo_notices":[],"_links":{"self":[{"href":"https:\/\/www.iver-bud.pl\/index.php\/wp-json\/wp\/v2\/pages\/363"}],"collection":[{"href":"https:\/\/www.iver-bud.pl\/index.php\/wp-json\/wp\/v2\/pages"}],"about":[{"href":"https:\/\/www.iver-bud.pl\/index.php\/wp-json\/wp\/v2\/types\/page"}],"author":[{"embeddable":true,"href":"https:\/\/www.iver-bud.pl\/index.php\/wp-json\/wp\/v2\/users\/1"}],"replies":[{"embeddable":true,"href":"https:\/\/www.iver-bud.pl\/index.php\/wp-json\/wp\/v2\/comments?post=363"}],"version-history":[{"count":2,"href":"https:\/\/www.iver-bud.pl\/index.php\/wp-json\/wp\/v2\/pages\/363\/revisions"}],"predecessor-version":[{"id":497,"href":"https:\/\/www.iver-bud.pl\/index.php\/wp-json\/wp\/v2\/pages\/363\/revisions\/497"}],"wp:attachment":[{"href":"https:\/\/www.iver-bud.pl\/index.php\/wp-json\/wp\/v2\/media?parent=363"}],"curies":[{"name":"wp","href":"https:\/\/api.w.org\/{rel}","templated":true}]}}