{"id":358,"date":"2014-02-14T11:33:17","date_gmt":"2014-02-14T10:33:17","guid":{"rendered":"http:\/\/www.iver-bud.pl\/?page_id=358"},"modified":"2015-03-08T18:32:07","modified_gmt":"2015-03-08T17:32:07","slug":"ponzio-pt-60","status":"publish","type":"page","link":"https:\/\/www.iver-bud.pl\/index.php\/ponzio-pt-60\/","title":{"rendered":"PONZIO PT 60"},"content":{"rendered":"<p style=\"text-align: justify;\">System przeznaczony do wykonywania element\u00f3w zabudowy zewn\u0119trznej, wymagaj\u0105cych izolacji termicznej.<br \/>\nTrzykomorowa konstrukcja usprawnia funkcjonowanie systemu i zach\u0119ca inwestor\u00f3w do jego stosowania. Dodatkowa komora powoduje zwi\u0119kszenie sztywno\u015bci, dzi\u0119ki temu w PT 60 mo\u017cna wykonywa\u0107 konstrukcje o du\u017cych gabarytach.<br \/>\nSystem pozwala na wykonywanie zar\u00f3wno konstrukcji okien oraz jedno i dwuskrzyd\u0142owych drzwi otwieranych na zewn\u0105trz o r\u00f3\u017cnych rozwi\u0105zaniach progowych. Mo\u017cliwe jest r\u00f3nie\u017c wykonanie drzwi z centralnym rowkiem okuciowym (tzw. dowr\u0119bowych).<br \/>\nSystem zapewnia prosty monta\u017c akcesori\u00f3w, co znacznie przyspiesza tworzenie konstrukcji.<\/p>\n<p style=\"text-align: justify;\"><strong>Charakterystyka<\/strong><br \/>\n&#8211; \u015bcis\u0142e powi\u0105zanie z innymi systemami rodziny Ponzio<br \/>\n&#8211; mo\u017cliwo\u015b\u0107 zlicowania skrzyde\u0142 okien (jedna p\u0142aszczyzna po stronie zewn\u0119trznej)<br \/>\n&#8211; zlicowane skrzyd\u0142a drzwi wsp\u00f3\u0142p\u0142aszczyznowych<br \/>\n&#8211; wiele wariant\u00f3w wykonania skrzyde\u0142 drzwiowych: z &#8222;kopniakiem&#8221; (szerok\u0105 belk\u0105) lub skrzyd\u0142em ci\u0119tym pod k\u0105tem 45 stopni, bez progu lub z progiem<br \/>\n&#8211; zastosowanie wype\u0142nie\u0144 o grubo\u015bci: 8-48 mm<br \/>\n&#8211; zastosowanie nowoczesnych uszczelek dwukomponentowych z EPDM<br \/>\n&#8211; gi\u0119cie profili<\/p>\n<p style=\"text-align: justify;\"><strong>Kszta\u0142towniki aluminiowe<\/strong><br \/>\nEN AW-6060 wg PN-EN 573-3 stan T6 wg PN-EN 515<br \/>\nAl Mg Si 0,5 F22 wg norm DIN 1725 T1, DIN 17615T1<\/p>\n<p style=\"text-align: justify;\"><strong>Izolacyjno\u015b\u0107 termiczna<\/strong><br \/>\nWsp\u00f3\u0142czynnik przenikania ciep\u0142a Uf = 2,6-2,8 W\/m2K<\/p>\n<p style=\"text-align: justify;\"><strong>Wype\u0142nienia<\/strong><br \/>\nszyby pojedyncze lub zespolone z ka\u017cdym rodzajem szk\u0142a lub panele nieprzezierne sposoby wyko\u0144czenia powierzchni malowanie proszkowe farbami poliestrowymi spe\u0142niaj\u0105ce wymogi Qualicoat, do wyboru kolory z palety RAL; anodowanie w kolorach: naturalne aluminium, oliwka, szampa\u0144ski, z\u0142oty, &#8222;stare z\u0142oto&#8221;, br\u0105zowy &#8211; spe\u0142niaj\u0105ce wymogi Qualanod; lakierowanie na \u201ekolor\u201d drewna<\/p>\n<p style=\"text-align: justify;\"><strong>Uszczelki<\/strong><br \/>\nz kauczuku syntetycznego EPDM wg normy 7863 i normy wykonawczej wg ISO 3302-01, E2<\/p>\n<p style=\"text-align: justify;\"><strong>Akcesoria<\/strong><br \/>\nz\u0142\u0105czki naro\u017cne, wkrety, \u015bruby, podk\u0142adki z aluminium, stali nierdzewnej lub ocynkowanej okucia tylko renomowanych firm: Fapim, Savio, Iseo, Cisa, Geze, KFV, itp.<\/p>\n<p style=\"text-align: justify;\"><strong>Dopuszczenia i \u015bwiadectwa jako\u015bci<\/strong><br \/>\nWst\u0119pne badania typu wg PN-EN 14351-1<br \/>\nCertyfikat Zgodno\u015bci: 2 klasa antyw\u0142amaniowo\u015bci wg PN ENV 1627:2006<\/p>\n<hr \/>\n\t\t\t\t\t<div class=\"gallery_box_single\">\n\t\t\t\t\t\t<p class=\"not_found\">Sorry, nothing found.<\/p>\n\t\t\t\t\t<\/div><!-- .gallery_box_single -->\n\t\t\t\t\t\n","protected":false},"excerpt":{"rendered":"<p>System przeznaczony do wykonywania element\u00f3w zabudowy zewn\u0119trznej, wymagaj\u0105cych izolacji termicznej. Trzykomorowa konstrukcja usprawnia funkcjonowanie systemu i zach\u0119ca inwestor\u00f3w do jego stosowania. Dodatkowa komora powoduje zwi\u0119kszenie sztywno\u015bci, dzi\u0119ki temu w PT 60 mo\u017cna wykonywa\u0107 konstrukcje o du\u017cych gabarytach. System pozwala na wykonywanie zar\u00f3wno konstrukcji okien oraz jedno i dwuskrzyd\u0142owych drzwi otwieranych na zewn\u0105trz o r\u00f3\u017cnych rozwi\u0105zaniach &hellip; <a href=\"https:\/\/www.iver-bud.pl\/index.php\/ponzio-pt-60\/\" class=\"more-link\">Czytaj dalej <span class=\"screen-reader-text\">PONZIO PT 60<\/span> <span class=\"meta-nav\">&rarr;<\/span><\/a><\/p>\n","protected":false},"author":1,"featured_media":0,"parent":0,"menu_order":0,"comment_status":"closed","ping_status":"closed","template":"","meta":{"footnotes":""},"class_list":["post-358","page","type-page","status-publish","hentry"],"aioseo_notices":[],"_links":{"self":[{"href":"https:\/\/www.iver-bud.pl\/index.php\/wp-json\/wp\/v2\/pages\/358"}],"collection":[{"href":"https:\/\/www.iver-bud.pl\/index.php\/wp-json\/wp\/v2\/pages"}],"about":[{"href":"https:\/\/www.iver-bud.pl\/index.php\/wp-json\/wp\/v2\/types\/page"}],"author":[{"embeddable":true,"href":"https:\/\/www.iver-bud.pl\/index.php\/wp-json\/wp\/v2\/users\/1"}],"replies":[{"embeddable":true,"href":"https:\/\/www.iver-bud.pl\/index.php\/wp-json\/wp\/v2\/comments?post=358"}],"version-history":[{"count":2,"href":"https:\/\/www.iver-bud.pl\/index.php\/wp-json\/wp\/v2\/pages\/358\/revisions"}],"predecessor-version":[{"id":508,"href":"https:\/\/www.iver-bud.pl\/index.php\/wp-json\/wp\/v2\/pages\/358\/revisions\/508"}],"wp:attachment":[{"href":"https:\/\/www.iver-bud.pl\/index.php\/wp-json\/wp\/v2\/media?parent=358"}],"curies":[{"name":"wp","href":"https:\/\/api.w.org\/{rel}","templated":true}]}}