{"id":346,"date":"2014-02-12T21:37:11","date_gmt":"2014-02-12T20:37:11","guid":{"rendered":"http:\/\/www.iver-bud.pl\/?page_id=346"},"modified":"2015-03-08T18:30:38","modified_gmt":"2015-03-08T17:30:38","slug":"ponzio-pt-52-2","status":"publish","type":"page","link":"https:\/\/www.iver-bud.pl\/index.php\/ponzio-pt-52-2\/","title":{"rendered":"PONZIO PT 52"},"content":{"rendered":"<p style=\"text-align: justify;\">System przeznaczony do wykonywania element\u00f3w zabudowy zewn\u0119trznej, kt\u00f3re wymagaj\u0105 izolacji termicznej. Konstrukcje wykonane w systemie PT 52 zakwalifikowane s\u0105 do grupy materia\u0142owej RMG 2.1.<br \/>\nSystem stwarza mo\u017cliwo\u015b\u0107 zastosowania wielu rozwi\u0105za\u0144 przy wykonywaniu r\u00f3\u017cnego typu okien, drzwi i konstrukcji przestrzennych.<br \/>\nZastosowane przek\u0142adki termiczne, proste i w kszta\u0142cie omegi, zapewniaj\u0105 prawid\u0142owe odwodnienie konstrukcji.<br \/>\nG\u0142\u0119boko\u015b\u0107 kszta\u0142townik\u00f3w, dla o\u015bcie\u017cnic i skrzyde\u0142, wynosi 52-60 mm.<\/p>\n<p style=\"text-align: justify;\"><strong>Charakterystyka<\/strong><br \/>\n&#8211; \u015bcis\u0142e powi\u0105zanie z innymi systemami rodziny Ponzio;<br \/>\n&#8211; mo\u017cliwo\u015b\u0107 \u201ewpi\u0119cia\u201d okien i drzwi do system\u00f3w fasadowych;<br \/>\n&#8211; mo\u017cliwo\u015b\u0107 zlicowania skrzyde\u0142 okien (jedna p\u0142aszczyzna po stronie zewn\u0119trznej) i drzwi (obie p\u0142aszczyzny zar\u00f3wno po stronie wewn\u0119trznej jak i zewn\u0119trznej)<br \/>\n&#8211; zastosowania wype\u0142nie\u0144 przeziernych lub nieprzeziernych o grubo\u015bci 1-40 mm;<br \/>\n&#8211; gi\u0119cia profili;<br \/>\n&#8211; mo\u017cliwo\u015b\u0107 zastosowania nowoczesnych uszczelek dwukomponentowych z EPDM o doskona\u0142ej izolacyjno\u015bci termicznej, estetycznym wygl\u0105dzie i prostych w monta\u017cu;<br \/>\n&#8211; wiele wariant\u00f3w wykonania skrzyde\u0142 drzwiowych;<br \/>\n&#8211; wiele sposob\u00f3w wykonania po\u0142\u0105cze\u0144 naro\u017cnych poprzez skr\u0119canie, ko\u0142kowanie lub zagniatanie.<\/p>\n<p><strong>Kszta\u0142towniki aluminiowe<\/strong><br \/>\nEN AW-6060 wg PN-EN 573-3 stan T6 wg PN-EN 515 Al Mg Si 0,5 F22 wg norm DIN 1725 T1, DIN 17615T1<\/p>\n<p style=\"text-align: justify;\"><strong>Izolacyjno\u015b\u0107 termiczna<\/strong><br \/>\nRamowy wsp\u00f3\u0142czynnik przenikania ciep\u0142a Uf = 2,4-2,75 W\/m2K<\/p>\n<p style=\"text-align: justify;\"><strong>Wype\u0142nienia<\/strong><br \/>\nszyby pojedyncze lub zespolone z ka\u017cdym rodzajem szk\u0142a lub panele nieprzezierne<\/p>\n<p style=\"text-align: justify;\"><strong>Sposoby wyko\u0144czenia powierzchni<\/strong><br \/>\nmalowanie proszkowe farbami poliestrowymi spe\u0142niaj\u0105ce wymogi Qualicoat, do wyboru kolory z palety RAL; anodowanie w kolorach: naturalne aluminium, oliwka, szampa\u0144ski, z\u0142oty, &#8222;stare z\u0142oto&#8221;, br\u0105zowy &#8211; spe\u0142niaj\u0105ce wymogi Qualanod; lakierowanie na \u201ekolor\u201d drewna<\/p>\n<p style=\"text-align: justify;\"><strong>Uszczelki<\/strong><br \/>\nz kauczuku syntetycznego EPDM wg normy 7863 i normy wykonawczej wg ISO 3302-01, E2<\/p>\n<p style=\"text-align: justify;\"><strong>Akcesoria<\/strong><br \/>\nz\u0142\u0105czki naro\u017cne, wkrety, \u015bruby, podk\u0142adki z aluminium, stali nierdzewnej lub ocynkowanej<\/p>\n<p style=\"text-align: justify;\"><strong>Okucia<\/strong><br \/>\ntylko renomowanych firm: Fapim, Savio, Erreti, Iseo, Cisa, Hautau, Geze, KFV, itp.<\/p>\n<p style=\"text-align: justify;\"><strong>Dopuszczenia i \u015bwiadectwa jako\u015bci<\/strong><br \/>\nWst\u0119pne badania typu wg PN-EN 14351<\/p>\n<hr \/>\n\t\t\t\t\t<div class=\"gallery_box_single\">\n\t\t\t\t\t\t<p class=\"not_found\">Sorry, nothing found.<\/p>\n\t\t\t\t\t<\/div><!-- .gallery_box_single -->\n\t\t\t\t\t\n","protected":false},"excerpt":{"rendered":"<p>System przeznaczony do wykonywania element\u00f3w zabudowy zewn\u0119trznej, kt\u00f3re wymagaj\u0105 izolacji termicznej. Konstrukcje wykonane w systemie PT 52 zakwalifikowane s\u0105 do grupy materia\u0142owej RMG 2.1. System stwarza mo\u017cliwo\u015b\u0107 zastosowania wielu rozwi\u0105za\u0144 przy wykonywaniu r\u00f3\u017cnego typu okien, drzwi i konstrukcji przestrzennych. Zastosowane przek\u0142adki termiczne, proste i w kszta\u0142cie omegi, zapewniaj\u0105 prawid\u0142owe odwodnienie konstrukcji. G\u0142\u0119boko\u015b\u0107 kszta\u0142townik\u00f3w, dla o\u015bcie\u017cnic &hellip; <a href=\"https:\/\/www.iver-bud.pl\/index.php\/ponzio-pt-52-2\/\" class=\"more-link\">Czytaj dalej <span class=\"screen-reader-text\">PONZIO PT 52<\/span> <span class=\"meta-nav\">&rarr;<\/span><\/a><\/p>\n","protected":false},"author":1,"featured_media":0,"parent":0,"menu_order":0,"comment_status":"closed","ping_status":"closed","template":"","meta":{"footnotes":""},"class_list":["post-346","page","type-page","status-publish","hentry"],"aioseo_notices":[],"_links":{"self":[{"href":"https:\/\/www.iver-bud.pl\/index.php\/wp-json\/wp\/v2\/pages\/346"}],"collection":[{"href":"https:\/\/www.iver-bud.pl\/index.php\/wp-json\/wp\/v2\/pages"}],"about":[{"href":"https:\/\/www.iver-bud.pl\/index.php\/wp-json\/wp\/v2\/types\/page"}],"author":[{"embeddable":true,"href":"https:\/\/www.iver-bud.pl\/index.php\/wp-json\/wp\/v2\/users\/1"}],"replies":[{"embeddable":true,"href":"https:\/\/www.iver-bud.pl\/index.php\/wp-json\/wp\/v2\/comments?post=346"}],"version-history":[{"count":4,"href":"https:\/\/www.iver-bud.pl\/index.php\/wp-json\/wp\/v2\/pages\/346\/revisions"}],"predecessor-version":[{"id":507,"href":"https:\/\/www.iver-bud.pl\/index.php\/wp-json\/wp\/v2\/pages\/346\/revisions\/507"}],"wp:attachment":[{"href":"https:\/\/www.iver-bud.pl\/index.php\/wp-json\/wp\/v2\/media?parent=346"}],"curies":[{"name":"wp","href":"https:\/\/api.w.org\/{rel}","templated":true}]}}