{"id":338,"date":"2014-02-12T21:26:50","date_gmt":"2014-02-12T20:26:50","guid":{"rendered":"http:\/\/www.iver-bud.pl\/?page_id=338"},"modified":"2015-03-08T18:29:34","modified_gmt":"2015-03-08T17:29:34","slug":"ponzio-pt-50-2","status":"publish","type":"page","link":"https:\/\/www.iver-bud.pl\/index.php\/ponzio-pt-50-2\/","title":{"rendered":"PONZIO PT 50"},"content":{"rendered":"<p style=\"text-align: justify;\">System profili aluminiowych bez izolacji termicznej. Przeznaczony jest g\u0142\u00f3wnie do wykonywania zabudowy wewn\u0119trznej: wiatro\u0142ap\u00f3w, boks\u00f3w kasowych, gablot i \u015bcianek dzia\u0142owych. S\u0142u\u017cy tak\u017ce do wykonania drzwi przesuwnych (sterowanych r\u0119cznie lub automatycznie), wahad\u0142owych oraz dymoszczelnych.<br \/>\nSystem PT 50 pozwala na zastosowanie wype\u0142nie\u0144 szklanych, paneli aluminiowych, wype\u0142nie\u0144 typu \u201esandwich\u201d, p\u0142yt meblowych, gipsowo-kartonowych oraz poliw\u0119glanowych o grubo\u015bci 1-40 milimetr\u00f3w.<br \/>\nG\u0142\u0119boko\u015b\u0107 konstrukcyjna kszta\u0142townik\u00f3w \u2013 dla o\u015bcie\u017cnic i skrzyde\u0142 &#8211; wynosi 52-60 mm.<br \/>\nPT 50 to zar\u00f3wno system drzwi przymykowych, jak r\u00f3wnie\u017c wsp\u00f3\u0142p\u0142aszczyznowych z zawiasem wr\u0119bowym. Zalet\u0105 mocowanych osiowo zawias\u00f3w jest \u0142atwo\u015b\u0107 monta\u017cu oraz regulacja w trzech p\u0142aszczyznach.<\/p>\n<p style=\"text-align: justify;\"><strong>Charakterystyka<\/strong><br \/>\n&#8211; \u015bcis\u0142e powi\u0105zanie z innymi systemami rodziny Ponzio (wsp\u00f3lne \u0142\u0105czniki naro\u017cne, listwy przyszybowe, oprzyrz\u0105dowanie oraz wi\u0119kszo\u015b\u0107 oku\u0107);<br \/>\n&#8211; mo\u017cliwo\u015b\u0107 zlicowania skrzyde\u0142 okien (jedna p\u0142aszczyzna po stronie zewn\u0119trznej) i drzwi (obie p\u0142aszczyzny zar\u00f3wno po stronie zewn\u0119trznej i wewn\u0119trznej);<br \/>\n&#8211; mo\u017cliwo\u015b\u0107 gi\u0119cia profili;<br \/>\n&#8211; wiele wariant\u00f3w wykonania skrzyde\u0142 drzwiowych: z \u201ekopniakiem\u201d (szerok\u0105 belk\u0105) lub skrzyd\u0142em ci\u0119tym pod k\u0105tem 45 stopni, bez progu lub z progiem<br \/>\n&#8211; mo\u017cliwo\u015b\u0107 wykonania drzwi dymoszczelnych<\/p>\n<p style=\"text-align: justify;\"><strong>Kszta\u0142towniki aluminiowe<\/strong><br \/>\nEN AW-6060 wg PN-EN 573-3 stan T6 wg PN-EN 515 Al Mg Si 0,5 F22 wg norm DIN 1725 T1, DIN 17615T1<\/p>\n<p style=\"text-align: justify;\"><strong>Wype\u0142nienia<\/strong><br \/>\nszyby pojedyncze lub zespolone z ka\u017cdym rodzajem szk\u0142a lub panele nieprzezierne<\/p>\n<p style=\"text-align: justify;\"><strong>Sposoby wyko\u0144czenia powierzchni<\/strong><br \/>\nmalowanie proszkowe farbami poliestrowymi spe\u0142niaj\u0105ce wymogi Qualicoat, do wyboru kolory z palety RAL; anodowanie w kolorach: naturalne aluminium, oliwka, szampa\u0144ski, z\u0142oty, &#8222;stare z\u0142oto&#8221;, br\u0105zowy &#8211; spe\u0142niaj\u0105ce wymogi Qualanod; lakierowanie na \u201ekolor\u201d drewna<\/p>\n<p style=\"text-align: justify;\"><strong>Uszczelki<\/strong><br \/>\nz kauczuku syntetycznego EPDM wg normy 7863 i normy wykonawczej wg ISO 3302-01, E2<\/p>\n<p style=\"text-align: justify;\"><strong>Akcesoria<\/strong><br \/>\nz\u0142\u0105czki naro\u017cne, wkrety, \u015bruby, podk\u0142adki z aluminium, stali nierdzewnej lub ocynkowanej<\/p>\n<p style=\"text-align: justify;\"><strong>Okucia<\/strong><br \/>\ntylko renomowanych firm: Fapim, Savio, Iseo, Cisa, Hautau, Geze, KFV itp.<\/p>\n<p style=\"text-align: justify;\"><strong>Dopuszczenia i \u015bwiadectwa jako\u015bci<\/strong><br \/>\nAprobata Techniczna ITB AT-15-5214\/2012 &#8222;Drzwi wewn\u0119trzne dymoszczelne i og\u00f3lnego stosowania oraz segmenty \u015bcian dzia\u0142owych systemu Ponzio PT 50&#8221;<\/p>\n<hr \/>\n\t\t\t\t\t<div class=\"gallery_box_single\">\n\t\t\t\t\t\t<p class=\"not_found\">Sorry, nothing found.<\/p>\n\t\t\t\t\t<\/div><!-- .gallery_box_single -->\n\t\t\t\t\t\n","protected":false},"excerpt":{"rendered":"<p>System profili aluminiowych bez izolacji termicznej. Przeznaczony jest g\u0142\u00f3wnie do wykonywania zabudowy wewn\u0119trznej: wiatro\u0142ap\u00f3w, boks\u00f3w kasowych, gablot i \u015bcianek dzia\u0142owych. S\u0142u\u017cy tak\u017ce do wykonania drzwi przesuwnych (sterowanych r\u0119cznie lub automatycznie), wahad\u0142owych oraz dymoszczelnych. System PT 50 pozwala na zastosowanie wype\u0142nie\u0144 szklanych, paneli aluminiowych, wype\u0142nie\u0144 typu \u201esandwich\u201d, p\u0142yt meblowych, gipsowo-kartonowych oraz poliw\u0119glanowych o grubo\u015bci 1-40 milimetr\u00f3w. &hellip; <a href=\"https:\/\/www.iver-bud.pl\/index.php\/ponzio-pt-50-2\/\" class=\"more-link\">Czytaj dalej <span class=\"screen-reader-text\">PONZIO PT 50<\/span> <span class=\"meta-nav\">&rarr;<\/span><\/a><\/p>\n","protected":false},"author":1,"featured_media":0,"parent":0,"menu_order":0,"comment_status":"closed","ping_status":"closed","template":"","meta":{"footnotes":""},"class_list":["post-338","page","type-page","status-publish","hentry"],"aioseo_notices":[],"_links":{"self":[{"href":"https:\/\/www.iver-bud.pl\/index.php\/wp-json\/wp\/v2\/pages\/338"}],"collection":[{"href":"https:\/\/www.iver-bud.pl\/index.php\/wp-json\/wp\/v2\/pages"}],"about":[{"href":"https:\/\/www.iver-bud.pl\/index.php\/wp-json\/wp\/v2\/types\/page"}],"author":[{"embeddable":true,"href":"https:\/\/www.iver-bud.pl\/index.php\/wp-json\/wp\/v2\/users\/1"}],"replies":[{"embeddable":true,"href":"https:\/\/www.iver-bud.pl\/index.php\/wp-json\/wp\/v2\/comments?post=338"}],"version-history":[{"count":3,"href":"https:\/\/www.iver-bud.pl\/index.php\/wp-json\/wp\/v2\/pages\/338\/revisions"}],"predecessor-version":[{"id":607,"href":"https:\/\/www.iver-bud.pl\/index.php\/wp-json\/wp\/v2\/pages\/338\/revisions\/607"}],"wp:attachment":[{"href":"https:\/\/www.iver-bud.pl\/index.php\/wp-json\/wp\/v2\/media?parent=338"}],"curies":[{"name":"wp","href":"https:\/\/api.w.org\/{rel}","templated":true}]}}