{"id":31,"date":"2014-02-06T14:08:43","date_gmt":"2014-02-06T13:08:43","guid":{"rendered":"http:\/\/www.iver-bud.pl\/?page_id=31"},"modified":"2015-03-08T17:25:15","modified_gmt":"2015-03-08T16:25:15","slug":"aluron-acs-38","status":"publish","type":"page","link":"https:\/\/www.iver-bud.pl\/index.php\/aluron-acs-38\/","title":{"rendered":"ALURON ACS 38"},"content":{"rendered":"<p style=\"text-align: justify;\">System ACS 38 przeznaczony jest do wykonywania smuk\u0142ych aluminiowych konstrukcji \u015bcian dzia\u0142owych o minimalistycznej estetyce, kt\u00f3re znakomicie wpisuj\u0105 si\u0119 w trendy nowoczesnego design&#8217;u. Pomieszczenia wydzielone s\u0105 za pomoc\u0105 systemu ACS 38. Zachowuj\u0105 charakter otwartej przestrzeni, z dop\u0142ywem du\u017cej ilo\u015bci \u015bwiat\u0142a. Zapewniaj\u0105 dodatkowo doskona\u0142\u0105 izolacyjno\u015b\u0107 akustyczn\u0105 tworzonej zabudowy.<\/p>\n<p style=\"text-align: justify;\"><img loading=\"lazy\" decoding=\"async\" class=\"size-medium wp-image-293 alignright\" src=\"https:\/\/www.iver-bud.pl\/wp-content\/uploads\/2014\/02\/profil-242x300.jpg\" alt=\"\" width=\"242\" height=\"300\" srcset=\"https:\/\/www.iver-bud.pl\/wp-content\/uploads\/2014\/02\/profil-242x300.jpg 242w, https:\/\/www.iver-bud.pl\/wp-content\/uploads\/2014\/02\/profil.jpg 364w\" sizes=\"(max-width: 242px) 100vw, 242px\" \/><\/p>\n<p style=\"text-align: justify;\">Dzi\u0119ki odpowiedniej konstrukcji i starannie dobranym komponentom system ten charakteryzuje si\u0119 wysokimi parametrami wytrzyma\u0142o\u015bciowymi przy jednoczesnym zachowaniu estetyki, elegancji oraz \u0142atwo\u015bci monta\u017cu i niezawodno\u015bci konstrukcji. Cechuje go r\u00f3wnie\u017c kompatybilno\u015b\u0107 w aran\u017cacji z innymi rozwi\u0105zaniami stolarki otworowej.<\/p>\n<p style=\"text-align: justify;\">W budowanych konstrukcjach profile s\u0105 tak zaprojektowane, by witryna stanowi\u0142a jednolit\u0105 \u2013 prost\u0105 lub \u0142aman\u0105 \u2013 zabudow\u0119, opart\u0105 o r\u00f3\u017cnego rodzaju wype\u0142nienia szklane b\u0105d\u017a panelowe. Szeroko\u015b\u0107 zabudowy w \u015bwietle wynosi 38 mm, g\u0142\u0119boko\u015b\u0107 konstrukcji to min 90 mm.<\/p>\n<p style=\"text-align: justify;\">Charakterystyczn\u0105 cech\u0105 systemu ACS 38 jest bardzo prosta i szybka prefabrykacja wyrob\u00f3w, uzyskana dzi\u0119ki zastosowaniu rozwi\u0105za\u0144, kt\u00f3re eliminuj\u0105 pracoch\u0142onne obr\u00f3bki. Profile po wst\u0119pnym przygotowaniu montowane s\u0105 za pomoc\u0105 systemowych \u0142\u0105cznik\u00f3w i akcesori\u00f3w metodami zatrzaskiwania, skr\u0119cania, ko\u0142kowania i klejenia, co nadaje konstrukcji wymagan\u0105 wytrzyma\u0142o\u015b\u0107 i sztywno\u015b\u0107.<\/p>\n<p style=\"text-align: justify;\">Dodatkowym atutem jest mo\u017cliwo\u015b\u0107 uzyskania praktycznie nieograniczonej gamy kolorystycznej. Dost\u0119pna jest zar\u00f3wno paleta kolor\u00f3w RAL i NCS w technologii lakierowania proszkowego, powierzchnie drewnopodobne w nowoczesnej technologii sublimacji jak r\u00f3wnie\u017c szeroka gama pow\u0142ok anodowanych.<\/p>\n<p style=\"text-align: justify;\"><img loading=\"lazy\" decoding=\"async\" class=\"alignnone  wp-image-297\" src=\"https:\/\/www.iver-bud.pl\/wp-content\/uploads\/2014\/02\/dane_ACS38.jpg\" alt=\"\" width=\"672\" height=\"303\" srcset=\"https:\/\/www.iver-bud.pl\/wp-content\/uploads\/2014\/02\/dane_ACS38.jpg 672w, https:\/\/www.iver-bud.pl\/wp-content\/uploads\/2014\/02\/dane_ACS38-300x135.jpg 300w\" sizes=\"(max-width: 672px) 100vw, 672px\" \/><\/p>\n<p>Pobierz szczeg\u00f3\u0142owe dane techniczne systemu &gt;&gt;&gt; <a href=\"https:\/\/www.iver-bud.pl\/wp-content\/uploads\/2014\/02\/dane-techniczne-ACS38.pdf\" target=\"_blank\"><img loading=\"lazy\" decoding=\"async\" class=\"alignnone  wp-image-299\" src=\"https:\/\/www.iver-bud.pl\/wp-content\/uploads\/2014\/02\/Acrobat_Reader.png\" alt=\"\" width=\"50\" height=\"50\" srcset=\"https:\/\/www.iver-bud.pl\/wp-content\/uploads\/2014\/02\/Acrobat_Reader.png 256w, https:\/\/www.iver-bud.pl\/wp-content\/uploads\/2014\/02\/Acrobat_Reader-150x150.png 150w\" sizes=\"(max-width: 50px) 100vw, 50px\" \/><\/a><\/p>\n<p>Pobierz aprobat\u0119 techniczn\u0105 ITB dla produktu &gt;&gt;&gt;\u00a0 <a href=\"https:\/\/www.iver-bud.pl\/wp-content\/uploads\/2014\/02\/AT.pdf\" target=\"_blank\"><img loading=\"lazy\" decoding=\"async\" class=\"alignnone  wp-image-299\" src=\"https:\/\/www.iver-bud.pl\/wp-content\/uploads\/2014\/02\/Acrobat_Reader.png\" alt=\"\" width=\"50\" height=\"50\" srcset=\"https:\/\/www.iver-bud.pl\/wp-content\/uploads\/2014\/02\/Acrobat_Reader.png 256w, https:\/\/www.iver-bud.pl\/wp-content\/uploads\/2014\/02\/Acrobat_Reader-150x150.png 150w\" sizes=\"(max-width: 50px) 100vw, 50px\" \/><\/a><\/p>\n<hr \/>\n<p>Zapraszamy do zapoznania si\u0119 z zabudowami wykonanymi z profili ALURON ACS 38.<br \/>\n\t\t\t\t\t<div class=\"gallery_box_single\">\n\t\t\t\t\t\t<p class=\"not_found\">Sorry, nothing found.<\/p>\n\t\t\t\t\t<\/div><!-- .gallery_box_single -->\n\t\t\t\t\t<\/p>\n","protected":false},"excerpt":{"rendered":"<p>System ACS 38 przeznaczony jest do wykonywania smuk\u0142ych aluminiowych konstrukcji \u015bcian dzia\u0142owych o minimalistycznej estetyce, kt\u00f3re znakomicie wpisuj\u0105 si\u0119 w trendy nowoczesnego design&#8217;u. Pomieszczenia wydzielone s\u0105 za pomoc\u0105 systemu ACS 38. Zachowuj\u0105 charakter otwartej przestrzeni, z dop\u0142ywem du\u017cej ilo\u015bci \u015bwiat\u0142a. Zapewniaj\u0105 dodatkowo doskona\u0142\u0105 izolacyjno\u015b\u0107 akustyczn\u0105 tworzonej zabudowy. Dzi\u0119ki odpowiedniej konstrukcji i starannie dobranym komponentom system &hellip; <a href=\"https:\/\/www.iver-bud.pl\/index.php\/aluron-acs-38\/\" class=\"more-link\">Czytaj dalej <span class=\"screen-reader-text\">ALURON ACS 38<\/span> <span class=\"meta-nav\">&rarr;<\/span><\/a><\/p>\n","protected":false},"author":1,"featured_media":0,"parent":0,"menu_order":0,"comment_status":"closed","ping_status":"closed","template":"","meta":{"footnotes":""},"class_list":["post-31","page","type-page","status-publish","hentry"],"aioseo_notices":[],"_links":{"self":[{"href":"https:\/\/www.iver-bud.pl\/index.php\/wp-json\/wp\/v2\/pages\/31"}],"collection":[{"href":"https:\/\/www.iver-bud.pl\/index.php\/wp-json\/wp\/v2\/pages"}],"about":[{"href":"https:\/\/www.iver-bud.pl\/index.php\/wp-json\/wp\/v2\/types\/page"}],"author":[{"embeddable":true,"href":"https:\/\/www.iver-bud.pl\/index.php\/wp-json\/wp\/v2\/users\/1"}],"replies":[{"embeddable":true,"href":"https:\/\/www.iver-bud.pl\/index.php\/wp-json\/wp\/v2\/comments?post=31"}],"version-history":[{"count":14,"href":"https:\/\/www.iver-bud.pl\/index.php\/wp-json\/wp\/v2\/pages\/31\/revisions"}],"predecessor-version":[{"id":604,"href":"https:\/\/www.iver-bud.pl\/index.php\/wp-json\/wp\/v2\/pages\/31\/revisions\/604"}],"wp:attachment":[{"href":"https:\/\/www.iver-bud.pl\/index.php\/wp-json\/wp\/v2\/media?parent=31"}],"curies":[{"name":"wp","href":"https:\/\/api.w.org\/{rel}","templated":true}]}}