{"id":26,"date":"2014-02-06T13:22:11","date_gmt":"2014-02-06T12:22:11","guid":{"rendered":"http:\/\/www.iver-bud.pl\/?page_id=26"},"modified":"2015-03-08T17:15:46","modified_gmt":"2015-03-08T16:15:46","slug":"galeria","status":"publish","type":"page","link":"https:\/\/www.iver-bud.pl\/index.php\/galeria\/","title":{"rendered":"Galeria"},"content":{"rendered":"<p style=\"text-align: justify;\">Zapraszamy do zapoznania si\u0119 z niekt\u00f3rymi naszymi pracami jakie wykonali\u015bmy w ostatnich latach. Zdj\u0119cia przedstawiaj\u0105 wykonane przez nas okna, drzwi, elewacje, zabudowy balkon\u00f3w, do\u015bwietla, rusztowania, ogrodzenia i wiele innych prac.<br \/>\n\t\t\t\t\t<div class=\"gallery_box_single\">\n\t\t\t\t\t\t<p class=\"not_found\">Sorry, nothing found.<\/p>\n\t\t\t\t\t<\/div><!-- .gallery_box_single -->\n\t\t\t\t\t<br \/>\n\t\t\t\t\t<div class=\"gallery_box_single\">\n\t\t\t\t\t\t<p class=\"not_found\">Sorry, nothing found.<\/p>\n\t\t\t\t\t<\/div><!-- .gallery_box_single -->\n\t\t\t\t\t<\/p>\n","protected":false},"excerpt":{"rendered":"<p>Zapraszamy do zapoznania si\u0119 z niekt\u00f3rymi naszymi pracami jakie wykonali\u015bmy w ostatnich latach. Zdj\u0119cia przedstawiaj\u0105 wykonane przez nas okna, drzwi, elewacje, zabudowy balkon\u00f3w, do\u015bwietla, rusztowania, ogrodzenia i wiele innych prac.<\/p>\n","protected":false},"author":1,"featured_media":0,"parent":0,"menu_order":0,"comment_status":"closed","ping_status":"closed","template":"","meta":{"footnotes":""},"class_list":["post-26","page","type-page","status-publish","hentry"],"aioseo_notices":[],"_links":{"self":[{"href":"https:\/\/www.iver-bud.pl\/index.php\/wp-json\/wp\/v2\/pages\/26"}],"collection":[{"href":"https:\/\/www.iver-bud.pl\/index.php\/wp-json\/wp\/v2\/pages"}],"about":[{"href":"https:\/\/www.iver-bud.pl\/index.php\/wp-json\/wp\/v2\/types\/page"}],"author":[{"embeddable":true,"href":"https:\/\/www.iver-bud.pl\/index.php\/wp-json\/wp\/v2\/users\/1"}],"replies":[{"embeddable":true,"href":"https:\/\/www.iver-bud.pl\/index.php\/wp-json\/wp\/v2\/comments?post=26"}],"version-history":[{"count":4,"href":"https:\/\/www.iver-bud.pl\/index.php\/wp-json\/wp\/v2\/pages\/26\/revisions"}],"predecessor-version":[{"id":238,"href":"https:\/\/www.iver-bud.pl\/index.php\/wp-json\/wp\/v2\/pages\/26\/revisions\/238"}],"wp:attachment":[{"href":"https:\/\/www.iver-bud.pl\/index.php\/wp-json\/wp\/v2\/media?parent=26"}],"curies":[{"name":"wp","href":"https:\/\/api.w.org\/{rel}","templated":true}]}}