{"id":239,"date":"2014-02-11T18:46:41","date_gmt":"2014-02-11T17:46:41","guid":{"rendered":"http:\/\/www.iver-bud.pl\/?page_id=239"},"modified":"2014-02-11T21:32:30","modified_gmt":"2014-02-11T20:32:30","slug":"polityka-prywatnosci","status":"publish","type":"page","link":"https:\/\/www.iver-bud.pl\/index.php\/polityka-prywatnosci\/","title":{"rendered":"Polityka prywatno\u015bci"},"content":{"rendered":"<ol style=\"text-align: justify;\">\n<li>Firma IVER-BUD s.c. przywi\u0105zuje du\u017c\u0105 wag\u0119 do ochrony prywatno\u015bci u\u017cytkownik\u00f3w swojej strony internetowej.<\/li>\n<li>IVER-BUD s.c. nie gromadzi i nie przechowuje \u017cadnych danych osobowych w my\u015bl ustawy z dnia 29 sierpnia 1997 r. o ochronie danych osobowych (Dz. U. z 2002r., Nr 101, poz. 926 z p\u00f3\u017an. zm.), oraz ustawy z dnia 18 lipca 2002 r. o \u015bwiadczeniu us\u0142ug drog\u0105 elektroniczn\u0105 (tekst jedn. Dz. U. z 2013 r., poz. 1422).<\/li>\n<li>Firma IVER-BUD s.c. pozyskuje w spos\u00f3b automatyczny informacje dotycz\u0105ce adres\u00f3w IP u\u017cytkownik\u00f3w strony internetowej. Dane te s\u0142u\u017c\u0105 do administrowania stron\u0105 internetow\u0105, analizy statystyk odwiedzin, ustalenia, kt\u00f3re podstrony s\u0105 najcz\u0119\u015bciej odwiedzane.<\/li>\n<li>Stosujemy pliki cookies tj. pliki przechowywane na komputerze u\u017cytkownika strony. Przez u\u017cywanie strony firmy IVER-BUD s.c. wyra\u017casz zgod\u0119 na u\u017cywanie ciasteczek zgodnie z niniejsz\u0105 polityk\u0105. Je\u017celi nie zgadzasz si\u0119 na u\u017cywanie przez nas ciasteczek, zmie\u0144 ustawienia swojej przegl\u0105darki w odpowiedni spos\u00f3b lub zrezygnuj z u\u017cywania naszej strony internetowej.<\/li>\n<li>Firma IVER-BUD s.c. u\u017cywa ciasteczek aby strona internetowa dzia\u0142a\u0142a szybciej i by\u0142a \u0142atwiejsza w u\u017cyciu, a tak\u017ce do zbierania statystyk odwiedzin strony i zachowania jej u\u017cytkownik\u00f3w. Na stronie mo\u017cemy u\u017cywa\u0107 ciasteczek sesyjnych (pozostaj\u0105 na komputerze tylko podczas korzystania z naszej strony), sta\u0142ych (pozostaj\u0105 na komputerze tak d\u0142ugo jak d\u0142ugo maj\u0105 ustawiony czas \u017cycia lub do momentu usuni\u0119cia). Stosowanie ciasteczek w \u017caden spos\u00f3b nie pozwala zidentyfikowa\u0107 to\u017csamo\u015bci u\u017cytkownik\u00f3w.<\/li>\n<li>Nasza strona zawiera linki do innych stron i nie ponosimy odpowiedzialno\u015bci za zasady zachowania prywatno\u015bci na tych stronach.<\/li>\n<li>Wszelkie pytania i w\u0105tpliwo\u015bci o polityk\u0119 bezpiecze\u0144stwa prosimy kierowa\u0107 na adres mailowy zamieszczony w zak\u0142adce KONTAKT<\/li>\n<li>Wszelkie zmiany polityki prywatno\u015bci b\u0119d\u0105 umieszczane w zak\u0142adce https:\/\/www.iver-bud.pl\/index.php\/polityka-prywatnosci\/.<\/li>\n<\/ol>\n","protected":false},"excerpt":{"rendered":"<p>Firma IVER-BUD s.c. przywi\u0105zuje du\u017c\u0105 wag\u0119 do ochrony prywatno\u015bci u\u017cytkownik\u00f3w swojej strony internetowej. IVER-BUD s.c. nie gromadzi i nie przechowuje \u017cadnych danych osobowych w my\u015bl ustawy z dnia 29 sierpnia 1997 r. o ochronie danych osobowych (Dz. U. z 2002r., Nr 101, poz. 926 z p\u00f3\u017an. zm.), oraz ustawy z dnia 18 lipca 2002 r. &hellip; <a href=\"https:\/\/www.iver-bud.pl\/index.php\/polityka-prywatnosci\/\" class=\"more-link\">Czytaj dalej <span class=\"screen-reader-text\">Polityka prywatno\u015bci<\/span> <span class=\"meta-nav\">&rarr;<\/span><\/a><\/p>\n","protected":false},"author":1,"featured_media":0,"parent":0,"menu_order":0,"comment_status":"closed","ping_status":"closed","template":"","meta":{"footnotes":""},"class_list":["post-239","page","type-page","status-publish","hentry"],"aioseo_notices":[],"_links":{"self":[{"href":"https:\/\/www.iver-bud.pl\/index.php\/wp-json\/wp\/v2\/pages\/239"}],"collection":[{"href":"https:\/\/www.iver-bud.pl\/index.php\/wp-json\/wp\/v2\/pages"}],"about":[{"href":"https:\/\/www.iver-bud.pl\/index.php\/wp-json\/wp\/v2\/types\/page"}],"author":[{"embeddable":true,"href":"https:\/\/www.iver-bud.pl\/index.php\/wp-json\/wp\/v2\/users\/1"}],"replies":[{"embeddable":true,"href":"https:\/\/www.iver-bud.pl\/index.php\/wp-json\/wp\/v2\/comments?post=239"}],"version-history":[{"count":4,"href":"https:\/\/www.iver-bud.pl\/index.php\/wp-json\/wp\/v2\/pages\/239\/revisions"}],"predecessor-version":[{"id":296,"href":"https:\/\/www.iver-bud.pl\/index.php\/wp-json\/wp\/v2\/pages\/239\/revisions\/296"}],"wp:attachment":[{"href":"https:\/\/www.iver-bud.pl\/index.php\/wp-json\/wp\/v2\/media?parent=239"}],"curies":[{"name":"wp","href":"https:\/\/api.w.org\/{rel}","templated":true}]}}